{"id":265,"date":"2014-04-12T09:08:24","date_gmt":"2014-04-12T07:08:24","guid":{"rendered":"http:\/\/www.protronic.sk\/?page_id=265"},"modified":"2014-10-10T14:54:12","modified_gmt":"2014-10-10T12:54:12","slug":"digitalne-termostaty-2","status":"publish","type":"page","link":"https:\/\/www.protronic.sk\/en\/digitalne-termostaty-2\/","title":{"rendered":"Digital Thermostats"},"content":{"rendered":"<p><\/p>\n<p style=\"text-align: justify;\">Digital thermostats are designed to manage the heating or cooling media , the process of obtaining heat from solar panels , pool heating , cooling various systems . They are produced in versions ranging from simple through hybrid , specially designed for complete control of pool water treatment systems to control the spread of attractions and remote control via Wi-Fi .<\/p>\n<h2><a title=\"Digit\u00e1lne termostaty radu TS050\" href=\"http:\/\/www.protronic.sk\/en\/digitalne-termostaty\/\">&#8211; TS050 SERIES DIGITAL THERMOSTAT<\/a><\/h2>\n<h2><a title=\"Digit\u00e1lny termostat s re\u00e1lnym \u010dasom CTS 060\" href=\"http:\/\/www.protronic.sk\/en\/digitalny-termostat-s-realnym-casom-cts-060\/\">&#8211; Digital thermostats with real time CTS060<\/a><\/h2>\n<h2><a title=\"Digit\u00e1lny hybridn\u00fd termostat s riaden\u00edm atrakci\u00ed s dia\u013ekov\u00fdm ovl\u00e1dan\u00edm CTS 060R\" href=\"http:\/\/www.protronic.sk\/en\/system-riadenia-ohrevu-filtracie-a-atrakcii-s-dialkovym-ovladanim-cts-060r\/\">&#8211; THERMOSTAT DIGITAL HYBRID DRIVE ATTRACTIONS AND REMOTE CONTROL CTS060R<\/a><\/h2>\n<p><\/p>","protected":false},"excerpt":{"rendered":"<p>Digital thermostats are designed to manage the heating or cooling media , the process of obtaining heat from solar panels , pool heating , cooling various systems . They are produced in versions ranging from simple through hybrid , specially designed for complete control of pool water treatment systems to control the spread of attractions [&hellip;]<\/p>\n","protected":false},"author":2,"featured_media":0,"parent":0,"menu_order":0,"comment_status":"closed","ping_status":"closed","template":"","meta":[],"_links":{"self":[{"href":"https:\/\/www.protronic.sk\/en\/wp-json\/wp\/v2\/pages\/265"}],"collection":[{"href":"https:\/\/www.protronic.sk\/en\/wp-json\/wp\/v2\/pages"}],"about":[{"href":"https:\/\/www.protronic.sk\/en\/wp-json\/wp\/v2\/types\/page"}],"author":[{"embeddable":true,"href":"https:\/\/www.protronic.sk\/en\/wp-json\/wp\/v2\/users\/2"}],"replies":[{"embeddable":true,"href":"https:\/\/www.protronic.sk\/en\/wp-json\/wp\/v2\/comments?post=265"}],"version-history":[{"count":6,"href":"https:\/\/www.protronic.sk\/en\/wp-json\/wp\/v2\/pages\/265\/revisions"}],"predecessor-version":[{"id":750,"href":"https:\/\/www.protronic.sk\/en\/wp-json\/wp\/v2\/pages\/265\/revisions\/750"}],"wp:attachment":[{"href":"https:\/\/www.protronic.sk\/en\/wp-json\/wp\/v2\/media?parent=265"}],"curies":[{"name":"wp","href":"https:\/\/api.w.org\/{rel}","templated":true}]}}