{"id":929,"date":"2024-04-10T21:47:20","date_gmt":"2024-04-10T19:47:20","guid":{"rendered":"https:\/\/www.protronic.sk\/?page_id=929"},"modified":"2026-03-22T08:20:40","modified_gmt":"2026-03-22T06:20:40","slug":"ozvucovanie-a-zvukova-rezia","status":"publish","type":"page","link":"https:\/\/www.protronic.sk\/de\/ozvucovanie-a-zvukova-rezia\/","title":{"rendered":"(Slovensky) Ozvu\u010denie, zvukov\u00e1 r\u00e9\u017eia, osvet\u013eovanie"},"content":{"rendered":"<p class=\"qtranxs-available-languages-message qtranxs-available-languages-message-de\">Leider ist der Eintrag nur auf <a href=\"https:\/\/www.protronic.sk\/sk\/wp-json\/wp\/v2\/pages\/929\" class=\"qtranxs-available-language-link qtranxs-available-language-link-sk\" title=\"Slovensky\">Slowakisch<\/a> verf\u00fcgbar.<\/p>","protected":false},"excerpt":{"rendered":"<p>Leider ist der Eintrag nur auf Slowakisch verf\u00fcgbar.<\/p>\n","protected":false},"author":2,"featured_media":0,"parent":0,"menu_order":0,"comment_status":"closed","ping_status":"closed","template":"","meta":[],"_links":{"self":[{"href":"https:\/\/www.protronic.sk\/de\/wp-json\/wp\/v2\/pages\/929"}],"collection":[{"href":"https:\/\/www.protronic.sk\/de\/wp-json\/wp\/v2\/pages"}],"about":[{"href":"https:\/\/www.protronic.sk\/de\/wp-json\/wp\/v2\/types\/page"}],"author":[{"embeddable":true,"href":"https:\/\/www.protronic.sk\/de\/wp-json\/wp\/v2\/users\/2"}],"replies":[{"embeddable":true,"href":"https:\/\/www.protronic.sk\/de\/wp-json\/wp\/v2\/comments?post=929"}],"version-history":[{"count":25,"href":"https:\/\/www.protronic.sk\/de\/wp-json\/wp\/v2\/pages\/929\/revisions"}],"predecessor-version":[{"id":970,"href":"https:\/\/www.protronic.sk\/de\/wp-json\/wp\/v2\/pages\/929\/revisions\/970"}],"wp:attachment":[{"href":"https:\/\/www.protronic.sk\/de\/wp-json\/wp\/v2\/media?parent=929"}],"curies":[{"name":"wp","href":"https:\/\/api.w.org\/{rel}","templated":true}]}}