{"id":911,"date":"2023-08-27T13:13:27","date_gmt":"2023-08-27T11:13:27","guid":{"rendered":"https:\/\/www.protronic.sk\/?page_id=911"},"modified":"2023-08-28T07:48:50","modified_gmt":"2023-08-28T05:48:50","slug":"radiokomunikacia","status":"publish","type":"page","link":"https:\/\/www.protronic.sk\/de\/radiokomunikacia\/","title":{"rendered":"Funkkommunikation"},"content":{"rendered":"<p>Neben der Entwicklung und Produktion von Industrieelektronik besch\u00e4ftigt sich unser Unternehmen auch mit dem Bereich Funkelektronik und Funktechnik. Wir bieten Dienstleistungen im Bereich Diagnose, Abstimmung und in kleinerem Ma\u00dfstab Produktion von Rundfunkantennen, Messung und Abstimmung von Duplexern, Programmierung von Motorola-Radiosendern und anderen Marken f\u00fcr den professionellen Einsatz bei Feuerwehren, Rettungs- und Suchorganisationen. Wir stellen auch Weiterleitungsstationen f\u00fcr Rettungsteams her, die eine unvergleichlich gr\u00f6\u00dfere Abdeckung des Gebiets mit Signalen und Verbindungen mithilfe von Funkstationen gew\u00e4hrleisten, insbesondere f\u00fcr Eins\u00e4tze in schwierigem, rauem Gel\u00e4nde und in einer Umgebung mit Funksmog.<\/p>","protected":false},"excerpt":{"rendered":"<p>Neben der Entwicklung und Produktion von Industrieelektronik besch\u00e4ftigt sich unser Unternehmen auch mit dem Bereich Funkelektronik und Funktechnik. Wir bieten Dienstleistungen im Bereich Diagnose, Abstimmung und in kleinerem Ma\u00dfstab Produktion von Rundfunkantennen, Messung und Abstimmung von Duplexern, Programmierung von Motorola-Radiosendern und anderen Marken f\u00fcr den professionellen Einsatz bei Feuerwehren, Rettungs- und Suchorganisationen. Wir stellen auch [&hellip;]<\/p>\n","protected":false},"author":2,"featured_media":0,"parent":0,"menu_order":0,"comment_status":"closed","ping_status":"closed","template":"","meta":[],"_links":{"self":[{"href":"https:\/\/www.protronic.sk\/de\/wp-json\/wp\/v2\/pages\/911"}],"collection":[{"href":"https:\/\/www.protronic.sk\/de\/wp-json\/wp\/v2\/pages"}],"about":[{"href":"https:\/\/www.protronic.sk\/de\/wp-json\/wp\/v2\/types\/page"}],"author":[{"embeddable":true,"href":"https:\/\/www.protronic.sk\/de\/wp-json\/wp\/v2\/users\/2"}],"replies":[{"embeddable":true,"href":"https:\/\/www.protronic.sk\/de\/wp-json\/wp\/v2\/comments?post=911"}],"version-history":[{"count":5,"href":"https:\/\/www.protronic.sk\/de\/wp-json\/wp\/v2\/pages\/911\/revisions"}],"predecessor-version":[{"id":918,"href":"https:\/\/www.protronic.sk\/de\/wp-json\/wp\/v2\/pages\/911\/revisions\/918"}],"wp:attachment":[{"href":"https:\/\/www.protronic.sk\/de\/wp-json\/wp\/v2\/media?parent=911"}],"curies":[{"name":"wp","href":"https:\/\/api.w.org\/{rel}","templated":true}]}}