{"id":6,"date":"2014-04-07T10:34:07","date_gmt":"2014-04-07T08:34:07","guid":{"rendered":"http:\/\/www.protronic.sk\/?page_id=6"},"modified":"2014-10-10T14:44:49","modified_gmt":"2014-10-10T12:44:49","slug":"bazenova-technika","status":"publish","type":"page","link":"https:\/\/www.protronic.sk\/de\/bazenova-technika\/","title":{"rendered":"Ausr\u00fcstung f\u00fcr Schwimmb\u00e4der"},"content":{"rendered":"<p><\/p>\n<p style=\"text-align: justify;\"><span style=\"font-family: arial;\">T\u00e1to oblas\u0165\u009d je zast\u00fapen\u00e1 predov\u009a\u0161etk\u00fdm \u009a\u0161irok\u00fdm sortimentom jednoduch\u00fdch digit\u00e1lnych termostatov, roz\u0161\u00edren\u00fdch hybridn\u00fdch termostatov u\u017e aj s riaden\u00edm filtr\u00e1cie, hybridn\u00e9 termostaty s dia\u013ekov\u00fdm ovl\u00e1dan\u00edm cez wifi, digit\u00e1lnych teplomerov, pneumatick\u00e9 prevodn\u00edky pre ovl\u00e1danie pr\u00edslu\u0161\u009aenstva baz\u00e9nu, riadiace jednotky pre automatick\u00e9 zakr\u00fdvanie baz\u00e9nu s digit\u00e1lnym meran\u00edm a vo\u013en\u00fdm programovan\u00edm na mieste ur\u010denia, modul sledovania poradia a pripadn\u00e9ho v\u00fdpadku f\u00e1z pri trojf\u00e1zovom pripojeni\u00ed \u010derpadiel, meracia vyhodnocovacia jednotka k sn\u00edma\u010du sily vetra s nastavite\u013en\u00fdm prahom sp\u00ednania ur\u010den\u00e1 pre font\u00e1ny, stmieva\u010de pre baz\u00e9nov\u00e9 osvetlenie s m\u00e4kk\u00fdm \u0161tartom a sortiment uzatv\u00e1ra ponuka toroidn\u00fdch transform\u00e1torov pre toto osvetlenie.<\/span><\/p>\n<p style=\"text-align: justify;\"><span style=\"font-family: arial;\">Pre riadenie osvetlenia font\u00e1n, chodu ich trysiek v nejakom pevnom cykle je mozne vyu\u017eit aj niektor\u00e9 riadiace moduly z kapitoly riadenia sveteln\u00fdch dekor\u00e1ci\u00ed.<\/span><\/p>\n<h2><a title=\"Digit\u00e1lne termostaty radu TS050\" href=\"http:\/\/www.protronic.sk\/de\/digitalne-termostaty\/\">&#8211;\u00a0DIGIT\u00c1LNE TERMOSTATY RADU TS050<\/a><\/h2>\n<h2><a title=\"Digit\u00e1lny termostat s re\u00e1lnym \u010dasom CTS 060\" href=\"http:\/\/www.protronic.sk\/de\/digitalny-termostat-s-realnym-casom-cts-060\/\">&#8211; DIGIT\u00c1LNE TERMOSTATY S RE\u00c1LNYM \u010cASOM CTS060<\/a><\/h2>\n<h2><a title=\"Digit\u00e1lny hybridn\u00fd termostat s riaden\u00edm atrakci\u00ed s dia\u013ekov\u00fdm ovl\u00e1dan\u00edm CTS 060R\" href=\"http:\/\/www.protronic.sk\/de\/system-riadenia-ohrevu-filtracie-a-atrakcii-s-dialkovym-ovladanim-cts-060r\/\">&#8211; DIGIT\u00c1LNY HYBRIDN\u00dd TERMOSTAT S RIADEN\u00cdM ATRAKCI\u00cd A DIA\u013dKOV\u00ddM OVL\u00c1DAN\u00cdM CTS060R<\/a><\/h2>\n<h2><a title=\"Digit\u00e1lny teplomer TM050C\" href=\"http:\/\/www.protronic.sk\/de\/digitalny-teplomer-tm050\/\">&#8211; DIGIT\u00c1LNY TEPLOMER TM050C<\/a><\/h2>\n<h2><a title=\"Digit\u00e1lny teplomer TM0100DC\" href=\"http:\/\/www.protronic.sk\/de\/digitalny-teplomer-tm0100dc\/\">&#8211; DIGIT\u00c1LNY TEPLOMER TM0100DC<\/a><\/h2>\n<h2><a title=\"Panelov\u00e9 digit\u00e1lne teplomery rady SD-100\" href=\"http:\/\/www.protronic.sk\/de\/zobrazovace-firmy-protronic-rada-sd-100\/\">&#8211; PANELOV\u00c9 DIGIT\u00c1LNE TEPLOMERY RADY SD100<\/a><\/h2>\n<h2><a title=\"Panelov\u00e9 digit\u00e1lne hodiny CK-57\" href=\"http:\/\/www.protronic.sk\/de\/panelove-digitalne-hodiny-ck-57\/\">&#8211; PANELOV\u00c9 DIGIT\u00c1LNE HODINY CK57<\/a><\/h2>\n<h2>&#8211;\u00a0<a href=\"http:\/\/www.protronic.sk\/de\/dvojity-elektronicky-tlakovy-spinac-ps2-f\/\">DVOJIT\u00dd ELEKTRONICK\u00dd TLAKOV\u00dd SP\u00cdNA\u010c PS2-F<\/a><\/h2>\n<h2>&#8211;\u00a0<a href=\"http:\/\/www.protronic.sk\/de\/elektronicka-aretacia\/\">ELEKTRONICK\u00c1 ARET\u00c1CIA FL-02<\/a><\/h2>\n<h2><a title=\"Stmieva\u010d pre halog\u00e9ny HD-1K\" href=\"http:\/\/www.protronic.sk\/de\/stmievac-pre-halogenove-svietidla-hd-1k\/\">&#8211; STMIEVA\u010c PRE HALOG\u00c9NY HD-1K<\/a><\/h2>\n<h2><a title=\"Toro\u00eddne transform\u00e1tory pre osvetlenie\" href=\"http:\/\/www.protronic.sk\/de\/ponuka-toroidnych-transformatorov-pre-halogeny-s-us115-v\/\">&#8211; TOROIDN\u00c9 TRANSFORM\u00c1TORY PRE OSVETLENIE<\/a><\/h2>\n<h2>&#8211;\u00a0<a href=\"http:\/\/www.protronic.sk\/de\/riadiaca-jednotka-zakryvania-bazenu-zb-324\/\">RIADIACA JEDNOTKA ZAKR\u00ddVANIA BAZ\u00c9NU ZB-324<\/a><\/h2>\n<h2><a title=\"Digit\u00e1lny anemometer s nastavite\u013en\u00fdm prahom sp\u00ednania AM0100 RI\" href=\"http:\/\/www.protronic.sk\/de\/digitalny-anemometer-s-nastavitelnym-prahom-spinania-am0100-ri\/\">&#8211; DIGIT\u00c1LNY ANEMOMETER S NASTAVITE\u013dN\u00ddM PRAHOM SP\u00cdNANIA AM0100 RI<\/a><\/h2>\n<h2><a title=\"Dekektor sp\u00e1vneho poradia f\u00e1z a v\u00fdpadku f\u00e1ze  PHM-3F\" href=\"http:\/\/www.protronic.sk\/de\/dekektor-spavneho-poradia-faz-a-vypadku-faze-phm-3f\/\">&#8211; DETEKTOR SPR\u00c1VNEHO PORADIA F\u00c1Z A V\u00ddPADKU F\u00c1ZE PHM-3F<\/a><\/h2>\n<p><\/p>","protected":false},"excerpt":{"rendered":"<p>T\u00e1to oblas\u0165\u009d je zast\u00fapen\u00e1 predov\u009a\u0161etk\u00fdm \u009a\u0161irok\u00fdm sortimentom jednoduch\u00fdch digit\u00e1lnych termostatov, roz\u0161\u00edren\u00fdch hybridn\u00fdch termostatov u\u017e aj s riaden\u00edm filtr\u00e1cie, hybridn\u00e9 termostaty s dia\u013ekov\u00fdm ovl\u00e1dan\u00edm cez wifi, digit\u00e1lnych teplomerov, pneumatick\u00e9 prevodn\u00edky pre ovl\u00e1danie pr\u00edslu\u0161\u009aenstva baz\u00e9nu, riadiace jednotky pre automatick\u00e9 zakr\u00fdvanie baz\u00e9nu s digit\u00e1lnym meran\u00edm a vo\u013en\u00fdm programovan\u00edm na mieste ur\u010denia, modul sledovania poradia a pripadn\u00e9ho v\u00fdpadku f\u00e1z [&hellip;]<\/p>\n","protected":false},"author":1,"featured_media":0,"parent":0,"menu_order":0,"comment_status":"closed","ping_status":"closed","template":"","meta":[],"_links":{"self":[{"href":"https:\/\/www.protronic.sk\/de\/wp-json\/wp\/v2\/pages\/6"}],"collection":[{"href":"https:\/\/www.protronic.sk\/de\/wp-json\/wp\/v2\/pages"}],"about":[{"href":"https:\/\/www.protronic.sk\/de\/wp-json\/wp\/v2\/types\/page"}],"author":[{"embeddable":true,"href":"https:\/\/www.protronic.sk\/de\/wp-json\/wp\/v2\/users\/1"}],"replies":[{"embeddable":true,"href":"https:\/\/www.protronic.sk\/de\/wp-json\/wp\/v2\/comments?post=6"}],"version-history":[{"count":39,"href":"https:\/\/www.protronic.sk\/de\/wp-json\/wp\/v2\/pages\/6\/revisions"}],"predecessor-version":[{"id":749,"href":"https:\/\/www.protronic.sk\/de\/wp-json\/wp\/v2\/pages\/6\/revisions\/749"}],"wp:attachment":[{"href":"https:\/\/www.protronic.sk\/de\/wp-json\/wp\/v2\/media?parent=6"}],"curies":[{"name":"wp","href":"https:\/\/api.w.org\/{rel}","templated":true}]}}