{"id":38,"date":"2014-04-07T10:50:43","date_gmt":"2014-04-07T08:50:43","guid":{"rendered":"http:\/\/www.protronic.sk\/?page_id=38"},"modified":"2014-10-10T09:13:41","modified_gmt":"2014-10-10T07:13:41","slug":"pripravovane-novinky","status":"publish","type":"page","link":"https:\/\/www.protronic.sk\/de\/pripravovane-novinky\/","title":{"rendered":"Bevorstehende news"},"content":{"rendered":"<p>Unter den anstehenden neuen Produktionsprogramm umfasst Messwerte im Pool sowie anderen Systemen , die ihm auch die Auswertung und Steuereinheit zur Steuerung der Wasserzulauf , oder die Wahl der Filtersysteme skimra oder Druckausgleichsbeh\u00e4lter .<\/p>\n<p>In der Phase der Studie wird obch\u00f4dzkov\u00fd System f\u00fcr Sicherheitsdienstleistungen , die die Freiz\u00fcgigkeit der Arbeitnehmer innerhalb der gr\u00f6\u00dferen regelm\u00e4\u00dfige Inspektion Patrouillen bewachen die R\u00e4umlichkeiten, die online fernsteuerbar ist \u00fcber das Internet \u00fcberwacht entwickelt.<\/p>","protected":false},"excerpt":{"rendered":"<p>Unter den anstehenden neuen Produktionsprogramm umfasst Messwerte im Pool sowie anderen Systemen , die ihm auch die Auswertung und Steuereinheit zur Steuerung der Wasserzulauf , oder die Wahl der Filtersysteme skimra oder Druckausgleichsbeh\u00e4lter . In der Phase der Studie wird obch\u00f4dzkov\u00fd System f\u00fcr Sicherheitsdienstleistungen , die die Freiz\u00fcgigkeit der Arbeitnehmer innerhalb der gr\u00f6\u00dferen regelm\u00e4\u00dfige Inspektion [&hellip;]<\/p>\n","protected":false},"author":1,"featured_media":0,"parent":0,"menu_order":0,"comment_status":"closed","ping_status":"closed","template":"","meta":[],"_links":{"self":[{"href":"https:\/\/www.protronic.sk\/de\/wp-json\/wp\/v2\/pages\/38"}],"collection":[{"href":"https:\/\/www.protronic.sk\/de\/wp-json\/wp\/v2\/pages"}],"about":[{"href":"https:\/\/www.protronic.sk\/de\/wp-json\/wp\/v2\/types\/page"}],"author":[{"embeddable":true,"href":"https:\/\/www.protronic.sk\/de\/wp-json\/wp\/v2\/users\/1"}],"replies":[{"embeddable":true,"href":"https:\/\/www.protronic.sk\/de\/wp-json\/wp\/v2\/comments?post=38"}],"version-history":[{"count":5,"href":"https:\/\/www.protronic.sk\/de\/wp-json\/wp\/v2\/pages\/38\/revisions"}],"predecessor-version":[{"id":465,"href":"https:\/\/www.protronic.sk\/de\/wp-json\/wp\/v2\/pages\/38\/revisions\/465"}],"wp:attachment":[{"href":"https:\/\/www.protronic.sk\/de\/wp-json\/wp\/v2\/media?parent=38"}],"curies":[{"name":"wp","href":"https:\/\/api.w.org\/{rel}","templated":true}]}}