{"id":36,"date":"2014-04-07T10:50:26","date_gmt":"2014-04-07T08:50:26","guid":{"rendered":"http:\/\/www.protronic.sk\/?page_id=36"},"modified":"2014-10-10T09:19:37","modified_gmt":"2014-10-10T07:19:37","slug":"o-vyrobnom-programe","status":"publish","type":"page","link":"https:\/\/www.protronic.sk\/de\/o-vyrobnom-programe\/","title":{"rendered":"Das Produktionsprogramm"},"content":{"rendered":"<p><\/p>\n<p style=\"text-align: justify;\">PROTRONIC Unternehmen konzentriert sich auf die Entwicklung und Produktion von Mess-und Kontrollsysteme und verschiedene andere Elektronik f\u00fcr eine Vielzahl von Zwecken . Die meisten der Produkte wurde auf der Basis von Kundenanforderungen und nach der es wiederholt zu ihrer Produktion k\u00f6nnen zum Teil bereits die anderen Kunden der Zielgruppe etabliert. Daher ist die Auswahl der Produkte, die auf dieser Website verf\u00fcgbar sind nicht endg\u00fcltig , j\u00e4hrlich auflaufenden und andere Produkte f\u00fcr eine Vielzahl von Bereichen , ist die Firma bereit, in den Markt f\u00fcr sie noch unsichtbaren schieben und weiteren Diversifizierung des Aktionsfeld .<\/p>\n<p><\/p>","protected":false},"excerpt":{"rendered":"<p>PROTRONIC Unternehmen konzentriert sich auf die Entwicklung und Produktion von Mess-und Kontrollsysteme und verschiedene andere Elektronik f\u00fcr eine Vielzahl von Zwecken . Die meisten der Produkte wurde auf der Basis von Kundenanforderungen und nach der es wiederholt zu ihrer Produktion k\u00f6nnen zum Teil bereits die anderen Kunden der Zielgruppe etabliert. Daher ist die Auswahl der [&hellip;]<\/p>\n","protected":false},"author":1,"featured_media":0,"parent":0,"menu_order":0,"comment_status":"closed","ping_status":"closed","template":"","meta":[],"_links":{"self":[{"href":"https:\/\/www.protronic.sk\/de\/wp-json\/wp\/v2\/pages\/36"}],"collection":[{"href":"https:\/\/www.protronic.sk\/de\/wp-json\/wp\/v2\/pages"}],"about":[{"href":"https:\/\/www.protronic.sk\/de\/wp-json\/wp\/v2\/types\/page"}],"author":[{"embeddable":true,"href":"https:\/\/www.protronic.sk\/de\/wp-json\/wp\/v2\/users\/1"}],"replies":[{"embeddable":true,"href":"https:\/\/www.protronic.sk\/de\/wp-json\/wp\/v2\/comments?post=36"}],"version-history":[{"count":6,"href":"https:\/\/www.protronic.sk\/de\/wp-json\/wp\/v2\/pages\/36\/revisions"}],"predecessor-version":[{"id":461,"href":"https:\/\/www.protronic.sk\/de\/wp-json\/wp\/v2\/pages\/36\/revisions\/461"}],"wp:attachment":[{"href":"https:\/\/www.protronic.sk\/de\/wp-json\/wp\/v2\/media?parent=36"}],"curies":[{"name":"wp","href":"https:\/\/api.w.org\/{rel}","templated":true}]}}