{"id":331,"date":"2014-04-14T18:19:25","date_gmt":"2014-04-14T16:19:25","guid":{"rendered":"http:\/\/www.protronic.sk\/?page_id=331"},"modified":"2026-02-06T15:59:34","modified_gmt":"2026-02-06T13:59:34","slug":"merac-dlzky-kablov-lm-100","status":"publish","type":"page","link":"https:\/\/www.protronic.sk\/de\/merac-dlzky-kablov-lm-100\/","title":{"rendered":"Meter Kabell\u00e4nge LM-100"},"content":{"rendered":"<p><\/p>\n<p style=\"text-align: justify;\"><a href=\"http:\/\/www.protronic.sk\/wp-content\/uploads\/2014\/04\/P1000607.jpg\"><img loading=\"lazy\" class=\"alignleft wp-image-332\" src=\"http:\/\/www.protronic.sk\/wp-content\/uploads\/2014\/04\/P1000607-1024x768.jpg\" alt=\"P1000607\" width=\"361\" height=\"254\" \/><\/a>Dieses Ger\u00e4t ist vor allem f\u00fcr Messl\u00e4ngen von Kabeln in erster Linie auf den Verkauf ausgelegt, egal ob Einzel-oder Gro\u00dfhandel, Ausgaben in den L\u00e4den gr\u00f6\u00dferen Unternehmen, und dergleichen. Wesentlich beschleunigt und verbessert die Schneidmaterial vor allem wenn es um gr\u00f6\u00dfere Mengen in der Gr\u00f6\u00dfenordnung von mehreren zehn Metern kommt. Die Benutzung ist sehr einfach, nur f\u00fchren Sie das Kabel zwischen dem Anfang und dem Kontaktmess Umlenkrolle, ziehen zur\u00fcckgesetzt und sogar eine recht hohe Geschwindigkeit. Das System weist eine optische inkrementale Erfassung und Auswertung eines Mikroprozessors. Messung ist bidirektional, das hei\u00dft, zeigt das Ger\u00e4t den Absolutwert jeder L\u00e4nge. Das Ger\u00e4t verf\u00fcgt \u00fcber ein robustes Design und kann es beispielsweise zu beheben. auf der Kante des Tisches.<\/p>\n<p><strong>TECHNISCHE DATEN:<\/strong> &#8211; Kraft \u00a0 \u00a0 \u00a0 \u00a0 \u00a0 \u00a0 \u00a0 \u00a0 \u00a0 \u00a0 \u00a0 \u00a0 \u00a0 \u00a0 \u00a0 \u00a0 \u00a0 \u00a0 \u00a0230V \/ 50Hz &#8211; Macht \u00a0 \u00a0 \u00a0 \u00a0 \u00a0 \u00a0 \u00a0 \u00a0 \u00a0 \u00a0 \u00a0 \u00a0 \u00a0 \u00a0 \u00a0 \u00a0 \u00a0 \u00a0 \u00a0 \u00a0 3 VA &#8211; Kapazit\u00e4tsanzeige\u00a0 \u00a0 \u00a0 \u00a0 \u00a0 \u00a0 \u00a0 \u00a0 \u00a0999,9m &#8211; Schritt Messung\u00a0 \u00a0 \u00a0 \u00a0 \u00a0 \u00a0 \u00a0 \u00a0 \u00a0 \u00a0100mm &#8211; Messgenauigkeit\u00a0 \u00a0 \u00a0 \u00a0 \u00a0 \u00a0 \u00a0 \u00a0 \u00a0besser als\u00a01% &#8211; Ziffernh\u00f6he\u00a0 \u00a0 \u00a0 \u00a0 \u00a0 \u00a0 \u00a0 \u00a0 \u00a0 \u00a0 \u00a0 \u00a0 \u00a0 \u00a0 \u00a0 14mm &#8211; Material des Geh\u00e4uses\u00a0 \u00a0 \u00a0 \u00a0 \u00a0 Aluminiumguss<\/p>\n<p><strong>PREIS: 170,- EUR<\/strong><\/p>\n<p>Es ist auch m\u00f6glich, dieses Ger\u00e4t mit einer Andruckf\u00fchrungsrolle mit Befestigungsrahmen zu liefern, die zusammen mit dem LM-100 eine funktionelle Einheit mit einem klappbaren Messteil und einer Andruckfeder bildet.<\/p>\n<p><a href=\"http:\/\/www.protronic.sk\/wp-content\/uploads\/2014\/04\/P1020786.jpg\"><img loading=\"lazy\" src=\"http:\/\/www.protronic.sk\/wp-content\/uploads\/2014\/04\/P1020786-300x225.jpg\" alt=\"P1020786\" width=\"250\" height=\"197\" \/><\/a>\u00a0 <a href=\"http:\/\/www.protronic.sk\/wp-content\/uploads\/2014\/04\/P1020788-e1441821117268.jpg\"><img loading=\"lazy\" src=\"http:\/\/www.protronic.sk\/wp-content\/uploads\/2014\/04\/P1020788-e1441821117268-225x300.jpg\" alt=\"P1020788\" width=\"167\" height=\"223\" \/><\/a><strong>PREIS: 30,- EUR<\/strong><\/p>","protected":false},"excerpt":{"rendered":"<p>Dieses Ger\u00e4t ist vor allem f\u00fcr Messl\u00e4ngen von Kabeln in erster Linie auf den Verkauf ausgelegt, egal ob Einzel-oder Gro\u00dfhandel, Ausgaben in den L\u00e4den gr\u00f6\u00dferen Unternehmen, und dergleichen. Wesentlich beschleunigt und verbessert die Schneidmaterial vor allem wenn es um gr\u00f6\u00dfere Mengen in der Gr\u00f6\u00dfenordnung von mehreren zehn Metern kommt. Die Benutzung ist sehr einfach, nur [&hellip;]<\/p>\n","protected":false},"author":2,"featured_media":0,"parent":0,"menu_order":0,"comment_status":"closed","ping_status":"closed","template":"","meta":[],"_links":{"self":[{"href":"https:\/\/www.protronic.sk\/de\/wp-json\/wp\/v2\/pages\/331"}],"collection":[{"href":"https:\/\/www.protronic.sk\/de\/wp-json\/wp\/v2\/pages"}],"about":[{"href":"https:\/\/www.protronic.sk\/de\/wp-json\/wp\/v2\/types\/page"}],"author":[{"embeddable":true,"href":"https:\/\/www.protronic.sk\/de\/wp-json\/wp\/v2\/users\/2"}],"replies":[{"embeddable":true,"href":"https:\/\/www.protronic.sk\/de\/wp-json\/wp\/v2\/comments?post=331"}],"version-history":[{"count":32,"href":"https:\/\/www.protronic.sk\/de\/wp-json\/wp\/v2\/pages\/331\/revisions"}],"predecessor-version":[{"id":968,"href":"https:\/\/www.protronic.sk\/de\/wp-json\/wp\/v2\/pages\/331\/revisions\/968"}],"wp:attachment":[{"href":"https:\/\/www.protronic.sk\/de\/wp-json\/wp\/v2\/media?parent=331"}],"curies":[{"name":"wp","href":"https:\/\/api.w.org\/{rel}","templated":true}]}}