{"id":321,"date":"2014-04-13T21:45:34","date_gmt":"2014-04-13T19:45:34","guid":{"rendered":"http:\/\/www.protronic.sk\/?page_id=321"},"modified":"2014-10-05T12:46:38","modified_gmt":"2014-10-05T10:46:38","slug":"kontrola-osob","status":"publish","type":"page","link":"https:\/\/www.protronic.sk\/de\/kontrola-osob\/","title":{"rendered":"Personenkontrollen"},"content":{"rendered":"<p><\/p>\n<p style=\"text-align: justify;\">Die Gruppe von Produkten f\u00fcr die Kontrolle von Personen geh\u00f6ren elektronische Zugangssysteme f\u00fcr den \u00dcbergang oder der Eintrag nur autorisierten Personen und eine Vorrichtung zur Zufallsauswahl von Personen f\u00fcr die Kontrolle des Ausgangs von Unternehmen unterst\u00fctzt Sicherheitsdienste.<\/p>\n<h2><a title=\"Elektronische Zugangssysteme AS48C\" href=\"http:\/\/www.protronic.sk\/de\/pristupove-systemy\/\">&#8211; ELEKTRONISCHE ZUGANGSSYSTEME AS-48C<\/a><\/h2>\n<h2><a title=\"Zufallsgenerator Zustand\" href=\"http:\/\/www.protronic.sk\/de\/generator-nahodneho-stavu\/\">&#8211; ZUFALLSGENERATOR ZUSTAND<\/a><\/h2>\n<p><\/p>","protected":false},"excerpt":{"rendered":"<p>Die Gruppe von Produkten f\u00fcr die Kontrolle von Personen geh\u00f6ren elektronische Zugangssysteme f\u00fcr den \u00dcbergang oder der Eintrag nur autorisierten Personen und eine Vorrichtung zur Zufallsauswahl von Personen f\u00fcr die Kontrolle des Ausgangs von Unternehmen unterst\u00fctzt Sicherheitsdienste. &#8211; ELEKTRONISCHE ZUGANGSSYSTEME AS-48C &#8211; ZUFALLSGENERATOR ZUSTAND<\/p>\n","protected":false},"author":2,"featured_media":0,"parent":0,"menu_order":0,"comment_status":"closed","ping_status":"closed","template":"","meta":[],"_links":{"self":[{"href":"https:\/\/www.protronic.sk\/de\/wp-json\/wp\/v2\/pages\/321"}],"collection":[{"href":"https:\/\/www.protronic.sk\/de\/wp-json\/wp\/v2\/pages"}],"about":[{"href":"https:\/\/www.protronic.sk\/de\/wp-json\/wp\/v2\/types\/page"}],"author":[{"embeddable":true,"href":"https:\/\/www.protronic.sk\/de\/wp-json\/wp\/v2\/users\/2"}],"replies":[{"embeddable":true,"href":"https:\/\/www.protronic.sk\/de\/wp-json\/wp\/v2\/comments?post=321"}],"version-history":[{"count":21,"href":"https:\/\/www.protronic.sk\/de\/wp-json\/wp\/v2\/pages\/321\/revisions"}],"predecessor-version":[{"id":652,"href":"https:\/\/www.protronic.sk\/de\/wp-json\/wp\/v2\/pages\/321\/revisions\/652"}],"wp:attachment":[{"href":"https:\/\/www.protronic.sk\/de\/wp-json\/wp\/v2\/media?parent=321"}],"curies":[{"name":"wp","href":"https:\/\/api.w.org\/{rel}","templated":true}]}}