{"id":273,"date":"2014-04-12T09:33:24","date_gmt":"2014-04-12T07:33:24","guid":{"rendered":"http:\/\/www.protronic.sk\/?page_id=273"},"modified":"2014-10-10T14:56:45","modified_gmt":"2014-10-10T12:56:45","slug":"spinanie-atrakcii","status":"publish","type":"page","link":"https:\/\/www.protronic.sk\/de\/spinanie-atrakcii\/","title":{"rendered":"Schalt Attraktionen"},"content":{"rendered":"<p><\/p>\n<p style=\"text-align: justify;\">Modul This Sindh sterben f\u00fcr Befestigung Pool attraktionen Kontakt Knopf -oder pneumatische Geschmack ausgef\u00fchrt &#8211; die St\u00f6\u00dfel , mit Druck Dass Funktion des Flip-Flops zu gew\u00e4hrleisten , Dass EINE Ber\u00fchrung , Ausgangsrelais ERREGI Das Ist , WIRD Die Zweite Taste auszuschalten . Die pneumatischen Module is also available Variante mit Impulsausgang , Wenn Die zinsen folglich blockiert Ausgeschaltet Oder zu Einer \u00fcbergeordneten Sparking .<\/p>\n<h2>&#8211; <a href=\"http:\/\/www.protronic.sk\/de\/dvojity-elektronicky-tlakovy-spinac-ps2-f\/\">DUAL ELEKTRONISCHER DRUCKSCHALTER PS2 -F<\/a><\/h2>\n<h2>&#8211; <a href=\"http:\/\/www.protronic.sk\/de\/elektronicka-aretacia\/\">ELECTRONIC ARETATION FL -02<\/a><\/h2>\n<p><\/p>","protected":false},"excerpt":{"rendered":"<p>Modul This Sindh sterben f\u00fcr Befestigung Pool attraktionen Kontakt Knopf -oder pneumatische Geschmack ausgef\u00fchrt &#8211; die St\u00f6\u00dfel , mit Druck Dass Funktion des Flip-Flops zu gew\u00e4hrleisten , Dass EINE Ber\u00fchrung , Ausgangsrelais ERREGI Das Ist , WIRD Die Zweite Taste auszuschalten . Die pneumatischen Module is also available Variante mit Impulsausgang , Wenn Die zinsen [&hellip;]<\/p>\n","protected":false},"author":2,"featured_media":0,"parent":0,"menu_order":0,"comment_status":"closed","ping_status":"closed","template":"","meta":[],"_links":{"self":[{"href":"https:\/\/www.protronic.sk\/de\/wp-json\/wp\/v2\/pages\/273"}],"collection":[{"href":"https:\/\/www.protronic.sk\/de\/wp-json\/wp\/v2\/pages"}],"about":[{"href":"https:\/\/www.protronic.sk\/de\/wp-json\/wp\/v2\/types\/page"}],"author":[{"embeddable":true,"href":"https:\/\/www.protronic.sk\/de\/wp-json\/wp\/v2\/users\/2"}],"replies":[{"embeddable":true,"href":"https:\/\/www.protronic.sk\/de\/wp-json\/wp\/v2\/comments?post=273"}],"version-history":[{"count":7,"href":"https:\/\/www.protronic.sk\/de\/wp-json\/wp\/v2\/pages\/273\/revisions"}],"predecessor-version":[{"id":753,"href":"https:\/\/www.protronic.sk\/de\/wp-json\/wp\/v2\/pages\/273\/revisions\/753"}],"wp:attachment":[{"href":"https:\/\/www.protronic.sk\/de\/wp-json\/wp\/v2\/media?parent=273"}],"curies":[{"name":"wp","href":"https:\/\/api.w.org\/{rel}","templated":true}]}}