{"id":267,"date":"2014-04-12T09:13:44","date_gmt":"2014-04-12T07:13:44","guid":{"rendered":"http:\/\/www.protronic.sk\/?page_id=267"},"modified":"2014-10-10T14:55:24","modified_gmt":"2014-10-10T12:55:24","slug":"panelove-teplomery-a-hodiny","status":"publish","type":"page","link":"https:\/\/www.protronic.sk\/de\/panelove-teplomery-a-hodiny\/","title":{"rendered":"Brettuhren und Thermometer"},"content":{"rendered":"<p><\/p>\n<p style=\"text-align: justify;\">Die Monitore sind f\u00fcr den Innen- und Au\u00dfenpools sowie andere Bereiche, in denen es notwendig ist, eine oder mehrere Temperaturen , m\u00f6glicherweise gr\u00f6\u00dfer Echtzeit- LED- Display, dass die Lesbarkeit aus einer Entfernung von mehreren zehn Metern gew\u00e4hrleistet Display entwickelt .<\/p>\n<h2><a title=\"Panelov\u00e9 digit\u00e1lne teplomery rady SD-100\" href=\"http:\/\/www.protronic.sk\/de\/zobrazovace-firmy-protronic-rada-sd-100\/\">&#8211; PANEL Rat digitale Thermometer SD100<\/a><\/h2>\n<h2><a title=\"Panelov\u00e9 digit\u00e1lne hodiny CK-57\" href=\"http:\/\/www.protronic.sk\/de\/panelove-digitalne-hodiny-ck-57\/\">&#8211; Tafel Digitaluhr CK -57<\/a><\/h2>\n<p><\/p>","protected":false},"excerpt":{"rendered":"<p>Die Monitore sind f\u00fcr den Innen- und Au\u00dfenpools sowie andere Bereiche, in denen es notwendig ist, eine oder mehrere Temperaturen , m\u00f6glicherweise gr\u00f6\u00dfer Echtzeit- LED- Display, dass die Lesbarkeit aus einer Entfernung von mehreren zehn Metern gew\u00e4hrleistet Display entwickelt . &#8211; PANEL Rat digitale Thermometer SD100 &#8211; Tafel Digitaluhr CK -57<\/p>\n","protected":false},"author":2,"featured_media":0,"parent":0,"menu_order":0,"comment_status":"closed","ping_status":"closed","template":"","meta":[],"_links":{"self":[{"href":"https:\/\/www.protronic.sk\/de\/wp-json\/wp\/v2\/pages\/267"}],"collection":[{"href":"https:\/\/www.protronic.sk\/de\/wp-json\/wp\/v2\/pages"}],"about":[{"href":"https:\/\/www.protronic.sk\/de\/wp-json\/wp\/v2\/types\/page"}],"author":[{"embeddable":true,"href":"https:\/\/www.protronic.sk\/de\/wp-json\/wp\/v2\/users\/2"}],"replies":[{"embeddable":true,"href":"https:\/\/www.protronic.sk\/de\/wp-json\/wp\/v2\/comments?post=267"}],"version-history":[{"count":9,"href":"https:\/\/www.protronic.sk\/de\/wp-json\/wp\/v2\/pages\/267\/revisions"}],"predecessor-version":[{"id":751,"href":"https:\/\/www.protronic.sk\/de\/wp-json\/wp\/v2\/pages\/267\/revisions\/751"}],"wp:attachment":[{"href":"https:\/\/www.protronic.sk\/de\/wp-json\/wp\/v2\/media?parent=267"}],"curies":[{"name":"wp","href":"https:\/\/api.w.org\/{rel}","templated":true}]}}