{"id":250,"date":"2014-04-11T20:21:13","date_gmt":"2014-04-11T18:21:13","guid":{"rendered":"http:\/\/www.protronic.sk\/?page_id=250"},"modified":"2021-04-11T15:01:36","modified_gmt":"2021-04-11T13:01:36","slug":"digitalny-teplomer-tm0100dc","status":"publish","type":"page","link":"https:\/\/www.protronic.sk\/de\/digitalny-teplomer-tm0100dc\/","title":{"rendered":"Digital-Thermometer TM0100DC"},"content":{"rendered":"<p><a href=\"http:\/\/www.protronic.sk\/wp-content\/uploads\/2021\/04\/K5.jpg\"><img loading=\"lazy\" class=\"alignleft size-medium wp-image-857\" src=\"http:\/\/www.protronic.sk\/wp-content\/uploads\/2021\/04\/K5-300x244.jpg\" alt=\"\" width=\"300\" height=\"244\" srcset=\"https:\/\/www.protronic.sk\/wp-content\/uploads\/2021\/04\/K5-300x244.jpg 300w, https:\/\/www.protronic.sk\/wp-content\/uploads\/2021\/04\/K5.jpg 566w\" sizes=\"(max-width: 300px) 100vw, 300px\" \/><\/a><\/p>\n<p style=\"text-align: justify;\">Digital-Thermometer sind nur dazu gedacht , um die erforderlichen Knoten halten . Sie werden beispielsweise verwendet . in gr\u00f6\u00dferen Anlagen f\u00fcr Solaranlage, die eine optimale F\u00fchrungskr\u00e4ften auf der Basis der technologisch kritischen Punkte gew\u00e4hrleistet . TM0100DC ein digitales Thermometer zeigt eine Temperatur h\u00f6here Aufl\u00f6sung , daher, Zehntel Grad Celsius.<\/p>\n<p><strong>TECHNISCHE DATEN:<\/strong><\/p>\n<p>&#8211; Einen Messbereich \u00a0 \u00a0 \u00a0 \u00a0 \u00a0 \u00a0 \u00a0 \u00a0 \u00a0 \u00a0 \u00a0 von 0 bis 100 \u00b0 C<\/p>\n<p>&#8211; Eine Umgebungstemperatur \u00a0 \u00a0\u00a0 von 0 bis 70 \u00b0 C<\/p>\n<p>&#8211; Genauigkeit \u00a0 \u00a0 \u00a0 \u00a0 \u00a0 \u00a0 \u00a0 \u00a0 \u00a0 \u00a0 \u00a0 \u00a0 \u00a0 \u00a0 \u00a0 \u00a0 \u00a0 \u00a0 \u00a0 \u00a0 von 1 \u00b0 C<\/p>\n<p>&#8211; Netzspannung\u00a0\u00a0\u00a0\u00a0\u00a0\u00a0\u00a0\u00a0\u00a0\u00a0\u00a0\u00a0\u00a0\u00a0\u00a0\u00a0\u00a0\u00a0\u00a0\u00a0\u00a0\u00a0\u00a0\u00a0\u00a0\u00a0\u00a0\u00a0\u00a0 230 Volt \/ 50 Hz<\/p>\n<p>&#8211; Stromverbrauch \u00a0 \u00a0 \u00a0 \u00a0 \u00a0 \u00a0 \u00a0 \u00a0 \u00a0 \u00a0 \u00a0 \u00a0 \u00a0 \u00a0 \u00a0 \u00a0 \u00a0\u00a0 1VA<\/p>\n<p>&nbsp;<\/p>\n<p><strong>BELASTUNG:<\/strong><\/p>\n<p><strong>Die Elektronik :<\/strong><\/p>\n<p>&#8211; Material\u00a0\u00a0\u00a0\u00a0\u00a0\u00a0\u00a0\u00a0\u00a0\u00a0\u00a0\u00a0\u00a0\u00a0\u00a0\u00a0\u00a0\u00a0\u00a0\u00a0\u00a0\u00a0\u00a0\u00a0\u00a0\u00a0\u00a0\u00a0\u00a0\u00a0\u00a0\u00a0\u00a0\u00a0\u00a0\u00a0\u00a0\u00a0\u00a0\u00a0\u00a0\u00a0\u00a0\u00a0\u00a0\u00a0 Kunststoff<\/p>\n<p>&#8211; Gewicht\u00a0\u00a0\u00a0\u00a0\u00a0\u00a0\u00a0\u00a0\u00a0\u00a0\u00a0\u00a0\u00a0\u00a0\u00a0\u00a0\u00a0\u00a0\u00a0\u00a0\u00a0\u00a0\u00a0\u00a0\u00a0\u00a0\u00a0\u00a0\u00a0\u00a0\u00a0\u00a0\u00a0\u00a0\u00a0\u00a0\u00a0\u00a0\u00a0\u00a0\u00a0\u00a0\u00a0\u00a0\u00a0\u00a0\u00a0\u00a0 ca. 175 g<\/p>\n<p>&#8211; Breite\u00a0\u00a0\u00a0\u00a0\u00a0\u00a0\u00a0\u00a0\u00a0\u00a0\u00a0\u00a0\u00a0\u00a0\u00a0\u00a0\u00a0\u00a0\u00a0\u00a0\u00a0\u00a0\u00a0\u00a0\u00a0\u00a0\u00a0\u00a0\u00a0\u00a0\u00a0\u00a0\u00a0\u00a0\u00a0\u00a0\u00a0\u00a0\u00a0 3 Module DIN-Schiene<\/p>\n<p>&#8211; Die Deckung\u00a0\u00a0\u00a0\u00a0\u00a0\u00a0\u00a0\u00a0\u00a0\u00a0\u00a0\u00a0\u00a0\u00a0\u00a0\u00a0\u00a0\u00a0\u00a0\u00a0\u00a0\u00a0\u00a0\u00a0\u00a0\u00a0\u00a0\u00a0\u00a0\u00a0\u00a0\u00a0\u00a0\u00a0\u00a0\u00a0\u00a0\u00a0\u00a0\u00a0\u00a0\u00a0 IP20<\/p>\n<p><strong>PROBE :<\/strong><\/p>\n<p>&#8211; Material\u00a0\u00a0\u00a0\u00a0\u00a0\u00a0\u00a0\u00a0\u00a0\u00a0\u00a0\u00a0\u00a0\u00a0\u00a0\u00a0\u00a0\u00a0\u00a0\u00a0\u00a0\u00a0\u00a0\u00a0\u00a0\u00a0\u00a0\u00a0\u00a0\u00a0\u00a0\u00a0\u00a0\u00a0\u00a0\u00a0\u00a0\u00a0\u00a0\u00a0\u00a0\u00a0\u00a0\u00a0\u00a0\u00a0\u00a0 Alluminium<\/p>\n<p>&#8211; Gewicht\u00a0\u00a0\u00a0\u00a0\u00a0\u00a0\u00a0\u00a0\u00a0\u00a0\u00a0\u00a0\u00a0\u00a0\u00a0\u00a0\u00a0\u00a0\u00a0\u00a0\u00a0\u00a0\u00a0\u00a0\u00a0\u00a0\u00a0\u00a0\u00a0\u00a0\u00a0\u00a0\u00a0 60 g (einschlie\u00dflich 3 m Kabel)<\/p>\n<p>&#8211; D Gr\u00f6\u00dfe \u00a0 \u00a0 \u00a0 \u00a0 \u00a0 \u00a0 \u00a0 \u00a0 \u00a0 \u00a0 \u00a0 \u00a0 \u00a0 \u00a0 \u00a0 \u00a0 \u00a0 \u00a0 \u00a0 \u00a0 \u00a0 \u00a0 \u00a0 \u00a0 \u00a0 \u00a0 8x40mm<\/p>\n<p>&#8211; Die Deckung\u00a0\u00a0\u00a0\u00a0\u00a0\u00a0\u00a0\u00a0\u00a0\u00a0\u00a0\u00a0\u00a0\u00a0\u00a0\u00a0\u00a0\u00a0\u00a0\u00a0\u00a0\u00a0\u00a0\u00a0\u00a0\u00a0\u00a0\u00a0\u00a0\u00a0\u00a0\u00a0\u00a0\u00a0\u00a0\u00a0\u00a0\u00a0\u00a0\u00a0\u00a0\u00a0\u00a0\u00a0\u00a0\u00a0\u00a0 IP67<\/p>\n<p><strong>Preis: 55, &#8211; EUR<\/strong><\/p>","protected":false},"excerpt":{"rendered":"<p>Digital-Thermometer sind nur dazu gedacht , um die erforderlichen Knoten halten . Sie werden beispielsweise verwendet . in gr\u00f6\u00dferen Anlagen f\u00fcr Solaranlage, die eine optimale F\u00fchrungskr\u00e4ften auf der Basis der technologisch kritischen Punkte gew\u00e4hrleistet . TM0100DC ein digitales Thermometer zeigt eine Temperatur h\u00f6here Aufl\u00f6sung , daher, Zehntel Grad Celsius. TECHNISCHE DATEN: &#8211; Einen Messbereich \u00a0 [&hellip;]<\/p>\n","protected":false},"author":2,"featured_media":0,"parent":0,"menu_order":0,"comment_status":"closed","ping_status":"closed","template":"","meta":[],"_links":{"self":[{"href":"https:\/\/www.protronic.sk\/de\/wp-json\/wp\/v2\/pages\/250"}],"collection":[{"href":"https:\/\/www.protronic.sk\/de\/wp-json\/wp\/v2\/pages"}],"about":[{"href":"https:\/\/www.protronic.sk\/de\/wp-json\/wp\/v2\/types\/page"}],"author":[{"embeddable":true,"href":"https:\/\/www.protronic.sk\/de\/wp-json\/wp\/v2\/users\/2"}],"replies":[{"embeddable":true,"href":"https:\/\/www.protronic.sk\/de\/wp-json\/wp\/v2\/comments?post=250"}],"version-history":[{"count":23,"href":"https:\/\/www.protronic.sk\/de\/wp-json\/wp\/v2\/pages\/250\/revisions"}],"predecessor-version":[{"id":874,"href":"https:\/\/www.protronic.sk\/de\/wp-json\/wp\/v2\/pages\/250\/revisions\/874"}],"wp:attachment":[{"href":"https:\/\/www.protronic.sk\/de\/wp-json\/wp\/v2\/media?parent=250"}],"curies":[{"name":"wp","href":"https:\/\/api.w.org\/{rel}","templated":true}]}}