{"id":246,"date":"2014-04-11T17:05:55","date_gmt":"2014-04-11T15:05:55","guid":{"rendered":"http:\/\/www.protronic.sk\/?page_id=246"},"modified":"2024-02-06T11:21:24","modified_gmt":"2024-02-06T09:21:24","slug":"generator-nahodneho-stavu","status":"publish","type":"page","link":"https:\/\/www.protronic.sk\/de\/generator-nahodneho-stavu\/","title":{"rendered":"Zufallsgenerator Zustand RG-115"},"content":{"rendered":"<p><\/p>\n<p style=\"text-align: justify;\"><a href=\"http:\/\/www.protronic.sk\/wp-content\/uploads\/2014\/04\/P1020671.jpg\"><img loading=\"lazy\" class=\"alignleft size-medium wp-image-784\" src=\"http:\/\/www.protronic.sk\/wp-content\/uploads\/2014\/04\/P1020671-300x225.jpg\" alt=\"P1020671\" width=\"300\" height=\"225\" srcset=\"https:\/\/www.protronic.sk\/wp-content\/uploads\/2014\/04\/P1020671-300x225.jpg 300w, https:\/\/www.protronic.sk\/wp-content\/uploads\/2014\/04\/P1020671-1024x768.jpg 1024w, https:\/\/www.protronic.sk\/wp-content\/uploads\/2014\/04\/P1020671.jpg 2048w\" sizes=\"(max-width: 300px) 100vw, 300px\" \/><\/a>Zufallsgenerator Zustand\u00a0is for random selection of persons leaving businesses and organizations for personal inspection by security guards.<\/p>\n<p style=\"text-align: justify;\">Das Ger\u00e4t arbeitet mit jeder ausgehenden Person dr\u00fcckt auf einen Knopf und das System zuf\u00e4llig, aber mit einem festen Durchschnittswahrscheinlichkeit Knospe gr\u00fcne Lampe leuchtet auf freien Durchgang, oder rot f\u00fcr die Steuerung. Diese optische Anzeige wird durch ein akustisches Signal, kurz f\u00fcr freien Durchgang, lange, um zu \u00fcberpr\u00fcfen, begleitet. Wahrscheinlichkeitssteuer ist ein Durchschnitt von 1:15, kann aber durch den Sicherheitsdienst erforderlich eingestellt werden.<\/p>\n<p style=\"text-align: justify;\">Das Ger\u00e4t hat einen kleinen Formfaktor f\u00fcr den Handgebrauch ist, dass tragbare und enth\u00e4lt Batterien f\u00fcr Flexibilit\u00e4t bei der Raumnutzung. Laden und Betrieb der externen Stromversorgung , die Standard-Netzwerkadapter.<\/p>\n<p style=\"text-align: justify;\"><strong>PREIS: 70 &#8211; 90 EUR<\/strong><\/p>\n<p><\/p>","protected":false},"excerpt":{"rendered":"<p>Zufallsgenerator Zustand\u00a0is for random selection of persons leaving businesses and organizations for personal inspection by security guards. Das Ger\u00e4t arbeitet mit jeder ausgehenden Person dr\u00fcckt auf einen Knopf und das System zuf\u00e4llig, aber mit einem festen Durchschnittswahrscheinlichkeit Knospe gr\u00fcne Lampe leuchtet auf freien Durchgang, oder rot f\u00fcr die Steuerung. Diese optische Anzeige wird durch ein [&hellip;]<\/p>\n","protected":false},"author":2,"featured_media":0,"parent":0,"menu_order":0,"comment_status":"closed","ping_status":"closed","template":"","meta":[],"_links":{"self":[{"href":"https:\/\/www.protronic.sk\/de\/wp-json\/wp\/v2\/pages\/246"}],"collection":[{"href":"https:\/\/www.protronic.sk\/de\/wp-json\/wp\/v2\/pages"}],"about":[{"href":"https:\/\/www.protronic.sk\/de\/wp-json\/wp\/v2\/types\/page"}],"author":[{"embeddable":true,"href":"https:\/\/www.protronic.sk\/de\/wp-json\/wp\/v2\/users\/2"}],"replies":[{"embeddable":true,"href":"https:\/\/www.protronic.sk\/de\/wp-json\/wp\/v2\/comments?post=246"}],"version-history":[{"count":11,"href":"https:\/\/www.protronic.sk\/de\/wp-json\/wp\/v2\/pages\/246\/revisions"}],"predecessor-version":[{"id":927,"href":"https:\/\/www.protronic.sk\/de\/wp-json\/wp\/v2\/pages\/246\/revisions\/927"}],"wp:attachment":[{"href":"https:\/\/www.protronic.sk\/de\/wp-json\/wp\/v2\/media?parent=246"}],"curies":[{"name":"wp","href":"https:\/\/api.w.org\/{rel}","templated":true}]}}