{"id":227,"date":"2014-04-10T17:08:35","date_gmt":"2014-04-10T15:08:35","guid":{"rendered":"http:\/\/www.protronic.sk\/?page_id=227"},"modified":"2015-04-01T11:51:06","modified_gmt":"2015-04-01T09:51:06","slug":"panelove-digitalne-hodiny-ck-57","status":"publish","type":"page","link":"https:\/\/www.protronic.sk\/de\/panelove-digitalne-hodiny-ck-57\/","title":{"rendered":"Tafel Digitaluhr CK -57"},"content":{"rendered":"<p>Display zeigt lokale Zeit, die selbstst\u00e4ndig und l\u00e4uft nach einem Stromausfall erzeugt wird.\u00a0 Korrekturen k\u00f6nnen vorgenommen werden HOD und MIN -Tasten , w\u00e4hrend die Stunde auf. Minuten-Schritten in der Schleife.<\/p>\n<p><a href=\"http:\/\/www.protronic.sk\/wp-content\/uploads\/2014\/04\/17.jpg\"><img loading=\"lazy\" alt=\"17\" src=\"http:\/\/www.protronic.sk\/wp-content\/uploads\/2014\/04\/17-1024x356.jpg\" width=\"303\" height=\"102\" \/><\/a><\/p>\n<p><strong>TECHNISCHE DATEN:<\/strong><\/p>\n<p>&#8211; Stromversorgung\u00a0\u00a0\u00a0\u00a0\u00a0\u00a0\u00a0\u00a0\u00a0\u00a0\u00a0\u00a0\u00a0\u00a0\u00a0\u00a0\u00a0\u00a0\u00a0\u00a0\u00a0\u00a0\u00a0\u00a0\u00a0\u00a0\u00a0\u00a0\u00a0 12V DC<\/p>\n<p>&#8211; Stromverbrauch\u00a0\u00a0\u00a0\u00a0\u00a0\u00a0\u00a0\u00a0\u00a0\u00a0\u00a0\u00a0\u00a0\u00a0\u00a0\u00a0\u00a0\u00a0\u00a0\u00a0\u00a0\u00a0\u00a0\u00a0\u00a0\u00a0\u00a0\u00a0\u00a0\u00a0\u00a0\u00a0\u00a0\u00a0\u00a0 3W<\/p>\n<p>&#8211; Anzeige \u00a0 \u00a0 \u00a0 \u00a0 \u00a0 \u00a0 \u00a0 \u00a0 \u00a0 \u00a0 \u00a0 \u00a0\u00a0 Stunden, Minuten, 24 Zyklen<\/p>\n<p>&#8211; H\u00f6he und Farbe Figuren \u00a0 \u00a0 \u00a0 \u00a0 \u00a0 \u00a0\u00a0 57mm , Rot<\/p>\n<p>&#8211; Backup \u00a0 \u00a0 \u00a0 \u00a0 \u00a0 \u00a0 \u00a0 \u00a0 \u00a0 \u00a0 \u00a0 \u00a0 \u00a0 \u00a0 \u00a0 \u00a0 \u00a0 \u00a0 \u00a0 \u00a0 \u00a0 \u00a0\u00a0 6 Monate<\/p>\n<p>&#8211; Abmessungen \u00a0 \u00a0 \u00a0 \u00a0 \u00a0 \u00a0 \u00a0 \u00a0 \u00a0 \u00a0 \u00a0 \u00a0 \u00a0\u00a0 265 x 90 x 25 mm<\/p>\n<p>In Produktion ist eine Version von CK 57 LT, die \u00fcber die RS232-Schnittstelle Takt \u00fcbertragen wird, ist \u00e4hnlich zu der Art der bildgebe CK 57 R , die eigentlich nur werden Empfangsanschluss und das Team wird beispielsweise erstellt werden. innerhalb eines Geb\u00e4udes oder komplexe , synchronisierte Echtzeitsystemen .<\/p>\n<p>Eine andere Version ist in Vorbereitung CKT 57 LL, die Kombination von Zeit und Temperatur -Anzeige ein oder CKT 57 LLL mit zwei Temperaturen ( Wasser \/ Luft) , durch Messung lokaler oder LLR -Version , wo die Wassertemperatur erhalten zB eingebaute RS232- Schnittstelle werden erhalten . der digitale Thermostat.<\/p>\n<p><strong>Preis: 93 , &#8211; EUR<\/strong><\/p>","protected":false},"excerpt":{"rendered":"<p>Display zeigt lokale Zeit, die selbstst\u00e4ndig und l\u00e4uft nach einem Stromausfall erzeugt wird.\u00a0 Korrekturen k\u00f6nnen vorgenommen werden HOD und MIN -Tasten , w\u00e4hrend die Stunde auf. Minuten-Schritten in der Schleife. TECHNISCHE DATEN: &#8211; Stromversorgung\u00a0\u00a0\u00a0\u00a0\u00a0\u00a0\u00a0\u00a0\u00a0\u00a0\u00a0\u00a0\u00a0\u00a0\u00a0\u00a0\u00a0\u00a0\u00a0\u00a0\u00a0\u00a0\u00a0\u00a0\u00a0\u00a0\u00a0\u00a0\u00a0 12V DC &#8211; Stromverbrauch\u00a0\u00a0\u00a0\u00a0\u00a0\u00a0\u00a0\u00a0\u00a0\u00a0\u00a0\u00a0\u00a0\u00a0\u00a0\u00a0\u00a0\u00a0\u00a0\u00a0\u00a0\u00a0\u00a0\u00a0\u00a0\u00a0\u00a0\u00a0\u00a0\u00a0\u00a0\u00a0\u00a0\u00a0\u00a0 3W &#8211; Anzeige \u00a0 \u00a0 \u00a0 \u00a0 \u00a0 \u00a0 \u00a0 \u00a0 \u00a0 \u00a0 \u00a0 \u00a0\u00a0 Stunden, Minuten, [&hellip;]<\/p>\n","protected":false},"author":2,"featured_media":0,"parent":0,"menu_order":0,"comment_status":"closed","ping_status":"closed","template":"","meta":[],"_links":{"self":[{"href":"https:\/\/www.protronic.sk\/de\/wp-json\/wp\/v2\/pages\/227"}],"collection":[{"href":"https:\/\/www.protronic.sk\/de\/wp-json\/wp\/v2\/pages"}],"about":[{"href":"https:\/\/www.protronic.sk\/de\/wp-json\/wp\/v2\/types\/page"}],"author":[{"embeddable":true,"href":"https:\/\/www.protronic.sk\/de\/wp-json\/wp\/v2\/users\/2"}],"replies":[{"embeddable":true,"href":"https:\/\/www.protronic.sk\/de\/wp-json\/wp\/v2\/comments?post=227"}],"version-history":[{"count":26,"href":"https:\/\/www.protronic.sk\/de\/wp-json\/wp\/v2\/pages\/227\/revisions"}],"predecessor-version":[{"id":777,"href":"https:\/\/www.protronic.sk\/de\/wp-json\/wp\/v2\/pages\/227\/revisions\/777"}],"wp:attachment":[{"href":"https:\/\/www.protronic.sk\/de\/wp-json\/wp\/v2\/media?parent=227"}],"curies":[{"name":"wp","href":"https:\/\/api.w.org\/{rel}","templated":true}]}}