{"id":200,"date":"2014-04-10T11:47:01","date_gmt":"2014-04-10T09:47:01","guid":{"rendered":"http:\/\/www.protronic.sk\/?page_id=200"},"modified":"2015-04-01T12:03:46","modified_gmt":"2015-04-01T10:03:46","slug":"viackanalove-systemy-qf5-qf9-qf10-2","status":"publish","type":"page","link":"https:\/\/www.protronic.sk\/de\/viackanalove-systemy-qf5-qf9-qf10-2\/","title":{"rendered":"Mehrkanalsystemen QF5, QF9 (QF10a)"},"content":{"rendered":"<p><a href=\"http:\/\/www.protronic.sk\/wp-content\/uploads\/2014\/04\/13.jpg\"><img loading=\"lazy\" class=\"alignleft size-medium wp-image-132\" alt=\"13\" src=\"http:\/\/www.protronic.sk\/wp-content\/uploads\/2014\/04\/13-300x224.jpg\" width=\"300\" height=\"224\" srcset=\"https:\/\/www.protronic.sk\/wp-content\/uploads\/2014\/04\/13-300x224.jpg 300w, https:\/\/www.protronic.sk\/wp-content\/uploads\/2014\/04\/13-1024x766.jpg 1024w\" sizes=\"(max-width: 300px) 100vw, 300px\" \/><\/a><\/p>\n<p style=\"text-align: justify;\">Multi-Channel-Kontrollsysteme der QFxx fest, die der Hersteller den Kunden gew\u00fcnschten Lichtprogramme, die auch senken kann als Beratung LCxx einzelnen Kan\u00e4le nicht nur eingeschaltet programmiert, sondern auch dimmen oder \u00fcberlappen. Ihr Hauptunterschied im Vergleich LCxx Reihe besteht aus mehreren h\u00f6herer Leistung. Das Board kann bis zu 4 v\u00f6llig unabh\u00e4ngige Lichtprogramme, die der Benutzer Schalter umzuschalten, soweit angemessen, oder eine Kombination von Br\u00fccken auf die Steueranschl\u00fcsse realisiert werden. Zus\u00e4tzlich zu dieser Karte kann die Laufgeschwindigkeit der Programmtasten direkt einstellen AUF und AB, die mit den entsprechenden Anschl\u00fcssen verbunden sind. Die eingestellte Geschwindigkeit wird im Speicher gespeichert, auch wenn Sie zu trennen. Die Ziffer in der Typenbezeichnung Armaturenbrett gibt die Anzahl der Kan\u00e4le, das hei\u00dft Ausg\u00e4nge.<\/p>\n<p><strong>TECHNISCHE DATEN:<\/strong><\/p>\n<p>&#8211; Kraft QF5\u00a0\u00a0\u00a0\u00a0\u00a0\u00a0\u00a0\u00a0\u00a0\u00a0\u00a0\u00a0\u00a0\u00a0\u00a0\u00a0\u00a0\u00a0\u00a0\u00a0\u00a0\u00a0\u00a0\u00a0\u00a0\u00a0\u00a0\u00a0\u00a0\u00a0\u00a0\u00a0\u00a0\u00a0\u00a0\u00a0\u00a0\u00a0\u00a0\u00a0\u00a0\u00a0\u00a0\u00a0\u00a0\u00a0\u00a0\u00a0\u00a0 230 V \/ 50 Hz<\/p>\n<p>&#8211; Kraft QF9 a QF10 \u00a0 \u00a0 \u00a0 \u00a0 \u00a0 \u00a0 \u00a0 \u00a0 \u00a0 \u00a0 \u00a0 \u00a0 \u00a0 \u00a0 \u00a0 \u00a0 \u00a03\u00d7400 V \/ 50 Hz<\/p>\n<p>&#8211; Leistung an den Kanal 1\u00a0 \u00a0 \u00a0 \u00a0 \u00a0 \u00a0 \u00a0 \u00a0 \u00a0 \u00a0 \u00a0 \u00a0 \u00a0 \u00a0 \u00a0 \u00a0 \u00a0 \u00a0 \u00a01800W<\/p>\n<p>&#8211; maximale Gesamtleistung\u00a0QF5 \u00a0 \u00a0 \u00a0 \u00a0 \u00a0 \u00a0 \u00a0 \u00a0\u00a0 \u00a0\u00a0\u00a0\u00a0\u00a0\u00a0\u00a0\u00a0\u00a0\u00a0 5600W<\/p>\n<p>&#8211; maximale Gesamtleistung\u00a0QF9, QF10\u00a0\u00a0\u00a0\u00a0\u00a0\u00a0\u00a0\u00a0\u00a0\u00a0\u00a0\u00a0 3600W die Phase<\/p>\n<p><b>PREISE: \u00a0\u00a0 QF5\u00a0 79,- EUR<\/b><\/p>\n<p><b>\u00a0\u00a0\u00a0\u00a0\u00a0\u00a0\u00a0\u00a0\u00a0\u00a0\u00a0\u00a0 QF9\u00a0\u00a0 109,- EUR<\/b><\/p>\n<p><b>\u00a0\u00a0\u00a0\u00a0\u00a0\u00a0\u00a0\u00a0\u00a0\u00a0\u00a0 \u00a0QF10 115,- EUR<\/b><\/p>","protected":false},"excerpt":{"rendered":"<p>Multi-Channel-Kontrollsysteme der QFxx fest, die der Hersteller den Kunden gew\u00fcnschten Lichtprogramme, die auch senken kann als Beratung LCxx einzelnen Kan\u00e4le nicht nur eingeschaltet programmiert, sondern auch dimmen oder \u00fcberlappen. Ihr Hauptunterschied im Vergleich LCxx Reihe besteht aus mehreren h\u00f6herer Leistung. Das Board kann bis zu 4 v\u00f6llig unabh\u00e4ngige Lichtprogramme, die der Benutzer Schalter umzuschalten, soweit [&hellip;]<\/p>\n","protected":false},"author":1,"featured_media":0,"parent":0,"menu_order":0,"comment_status":"closed","ping_status":"closed","template":"","meta":[],"_links":{"self":[{"href":"https:\/\/www.protronic.sk\/de\/wp-json\/wp\/v2\/pages\/200"}],"collection":[{"href":"https:\/\/www.protronic.sk\/de\/wp-json\/wp\/v2\/pages"}],"about":[{"href":"https:\/\/www.protronic.sk\/de\/wp-json\/wp\/v2\/types\/page"}],"author":[{"embeddable":true,"href":"https:\/\/www.protronic.sk\/de\/wp-json\/wp\/v2\/users\/1"}],"replies":[{"embeddable":true,"href":"https:\/\/www.protronic.sk\/de\/wp-json\/wp\/v2\/comments?post=200"}],"version-history":[{"count":11,"href":"https:\/\/www.protronic.sk\/de\/wp-json\/wp\/v2\/pages\/200\/revisions"}],"predecessor-version":[{"id":287,"href":"https:\/\/www.protronic.sk\/de\/wp-json\/wp\/v2\/pages\/200\/revisions\/287"}],"wp:attachment":[{"href":"https:\/\/www.protronic.sk\/de\/wp-json\/wp\/v2\/media?parent=200"}],"curies":[{"name":"wp","href":"https:\/\/api.w.org\/{rel}","templated":true}]}}