{"id":198,"date":"2014-04-10T11:46:36","date_gmt":"2014-04-10T09:46:36","guid":{"rendered":"http:\/\/www.protronic.sk\/?page_id=198"},"modified":"2015-04-01T12:02:17","modified_gmt":"2015-04-01T10:02:17","slug":"viackanalove-systemy-lc04-lc05-a-lc12-2","status":"publish","type":"page","link":"https:\/\/www.protronic.sk\/de\/viackanalove-systemy-lc04-lc05-a-lc12-2\/","title":{"rendered":"Mehrkanalsystemen LC04, LC05 und LC12"},"content":{"rendered":"<p><a href=\"http:\/\/www.protronic.sk\/wp-content\/uploads\/2014\/04\/11.jpg\"><img loading=\"lazy\" class=\"alignleft  wp-image-130\" alt=\"11\" src=\"http:\/\/www.protronic.sk\/wp-content\/uploads\/2014\/04\/11-1024x766.jpg\" width=\"418\" height=\"309\" \/><\/a><\/p>\n<p style=\"text-align: justify;\">Multi-Channel-Kontrollsysteme der LCxx sind universell programmierbar zu flackern und die glatte Einschalten, Dimmen oder \u00fcberlappende jeden Kanal auf der Basis der im Modul Upcard gespeicherte Programm. Dieses Modul ist mit dem Motherboard 20-poligen Verbinder verbunden ist, so dass das Ersatzmodul mit einem neuen Programm nach Kundenwunsch ist sehr einfach. Die Ziffer in der Typenbezeichnung Armaturenbrett gibt die Anzahl der Kan\u00e4le, das hei\u00dft Ausg\u00e4nge.<\/p>\n<p><a href=\"http:\/\/www.protronic.sk\/wp-content\/uploads\/2014\/04\/10.jpg\"><img loading=\"lazy\" alt=\"10\" src=\"http:\/\/www.protronic.sk\/wp-content\/uploads\/2014\/04\/10-300x224.jpg\" width=\"219\" height=\"163\" \/><\/a>Modul uPcard<\/p>\n<p><strong>TECHNISCHE DATEN:<\/strong><\/p>\n<p>&#8211; Kraft \u00a0 \u00a0 \u00a0 \u00a0 \u00a0 \u00a0 \u00a0 \u00a0 \u00a0 \u00a0 \u00a0 \u00a0 \u00a0 \u00a0 \u00a0 \u00a0 \u00a0 \u00a0 \u00a0 \u00a0 \u00a0 \u00a0 \u00a0 \u00a0 \u00a0 \u00a0 \u00a0 \u00a0 \u00a0 \u00a0 \u00a0 \u00a0230 V \/ 50 Hz<\/p>\n<p>&#8211; Leistung an den Kanal 1\u00a0 \u00a0 \u00a0 \u00a0 \u00a0 \u00a0 \u00a0 \u00a0 \u00a0 \u00a0 \u00a0 \u00a0 \u00a0 \u00a0 \u00a0 \u00a0 \u00a0 \u00a0 \u00a0 \u00a0 \u00a0250 W<\/p>\n<p>( f\u00fcr\u00a0LC04, 05 \u2013 250, LC12 ), AC, DC<\/p>\n<p>&#8211; Leistung an den Kanal 1 \u00a0 \u00a0 \u00a0 \u00a0 \u00a0 \u00a0 \u00a0 \u00a0 \u00a0 \u00a0 \u00a0 \u00a0 \u00a0 \u00a0 \u00a0 \u00a0 \u00a0 \u00a0 \u00a0 \u00a0 \u00a0450W<\/p>\n<p>( f\u00fcr\u00a0LC04, 05 \u2013 450 ), AC, DC<\/p>\n<p>&#8211; maximale momentane Gesamtleistung pro Modul\u00a0 \u00a0 \u00a0 \u00a0 \u00a0 1800W<\/p>\n<p>&#8211; k\u00fcrzeste Intervall f\u00fcr Zustands\u00e4nderungen der Ausgangs\u00a0 \u00a0 \u00a0 \u00a0 \u00a0 \u00a0 \u00a0 \u00a0 0,1 s<\/p>\n<p><a href=\"http:\/\/www.protronic.sk\/wp-content\/uploads\/2014\/04\/11.jpg\"><img loading=\"lazy\" alt=\"11\" src=\"http:\/\/www.protronic.sk\/wp-content\/uploads\/2014\/04\/11-300x224.jpg\" width=\"300\" height=\"224\" \/><\/a><\/p>\n<p>Board LC05-450 bereits mit dem Modul Upcard zusammengestellt.<\/p>\n<p><a href=\"http:\/\/www.protronic.sk\/wp-content\/uploads\/2014\/04\/12.jpg\"><img loading=\"lazy\" alt=\"12\" src=\"http:\/\/www.protronic.sk\/wp-content\/uploads\/2014\/04\/12-300x224.jpg\" width=\"300\" height=\"224\" \/><\/a><\/p>\n<p>Board-Controller-Modul LC12 ohne Upcard.<\/p>\n<p><b>PREISE: LC04-250\u00a0\u00a0\u00a0 41,- EUR<\/b><\/p>\n<p><b>\u00a0\u00a0\u00a0\u00a0\u00a0\u00a0\u00a0\u00a0\u00a0 LC04-450\u00a0\u00a0\u00a0\u00a0 43,- EUR<\/b><\/p>\n<p><b>\u00a0\u00a0\u00a0\u00a0\u00a0\u00a0\u00a0\u00a0\u00a0 LC05-250\u00a0\u00a0\u00a0\u00a0\u00a0 43,- EUR<\/b><\/p>\n<p><b>\u00a0\u00a0\u00a0\u00a0\u00a0\u00a0\u00a0\u00a0\u00a0 LC05-450\u00a0\u00a0\u00a0\u00a0\u00a0 45,- EUR<\/b><\/p>\n<p><b>\u00a0\u00a0\u00a0\u00a0\u00a0\u00a0\u00a0\u00a0\u00a0 LC12-250\u00a0\u00a0\u00a0\u00a0\u00a0 61,- EUR<\/b><\/p>\n<p><b>\u00a0\u00a0\u00a0\u00a0\u00a0\u00a0\u00a0\u00a0\u00a0 uPcard\u00a0\u00a0\u00a0\u00a0\u00a0\u00a0\u00a0\u00a0\u00a0\u00a0 5,- EUR<br \/>\n<\/b><\/p>","protected":false},"excerpt":{"rendered":"<p>Multi-Channel-Kontrollsysteme der LCxx sind universell programmierbar zu flackern und die glatte Einschalten, Dimmen oder \u00fcberlappende jeden Kanal auf der Basis der im Modul Upcard gespeicherte Programm. Dieses Modul ist mit dem Motherboard 20-poligen Verbinder verbunden ist, so dass das Ersatzmodul mit einem neuen Programm nach Kundenwunsch ist sehr einfach. Die Ziffer in der Typenbezeichnung Armaturenbrett [&hellip;]<\/p>\n","protected":false},"author":1,"featured_media":0,"parent":0,"menu_order":0,"comment_status":"closed","ping_status":"closed","template":"","meta":[],"_links":{"self":[{"href":"https:\/\/www.protronic.sk\/de\/wp-json\/wp\/v2\/pages\/198"}],"collection":[{"href":"https:\/\/www.protronic.sk\/de\/wp-json\/wp\/v2\/pages"}],"about":[{"href":"https:\/\/www.protronic.sk\/de\/wp-json\/wp\/v2\/types\/page"}],"author":[{"embeddable":true,"href":"https:\/\/www.protronic.sk\/de\/wp-json\/wp\/v2\/users\/1"}],"replies":[{"embeddable":true,"href":"https:\/\/www.protronic.sk\/de\/wp-json\/wp\/v2\/comments?post=198"}],"version-history":[{"count":20,"href":"https:\/\/www.protronic.sk\/de\/wp-json\/wp\/v2\/pages\/198\/revisions"}],"predecessor-version":[{"id":782,"href":"https:\/\/www.protronic.sk\/de\/wp-json\/wp\/v2\/pages\/198\/revisions\/782"}],"wp:attachment":[{"href":"https:\/\/www.protronic.sk\/de\/wp-json\/wp\/v2\/media?parent=198"}],"curies":[{"name":"wp","href":"https:\/\/api.w.org\/{rel}","templated":true}]}}