{"id":196,"date":"2014-04-10T11:46:05","date_gmt":"2014-04-10T09:46:05","guid":{"rendered":"http:\/\/www.protronic.sk\/?page_id=196"},"modified":"2022-11-03T22:04:50","modified_gmt":"2022-11-03T20:04:50","slug":"riadiace-jednotky-pre-ovladanie-obvodov-svetelnych-reklam-a-dekoracii-1-kanalovy-system-lc01","status":"publish","type":"page","link":"https:\/\/www.protronic.sk\/de\/riadiace-jednotky-pre-ovladanie-obvodov-svetelnych-reklam-a-dekoracii-1-kanalovy-system-lc01\/","title":{"rendered":"1-Kanal-System LC01"},"content":{"rendered":"<p><\/p>\n<p style=\"text-align: justify;\"><a href=\"http:\/\/www.protronic.sk\/wp-content\/uploads\/2014\/04\/8.jpg\"><img loading=\"lazy\" class=\"alignleft wp-image-125\" src=\"http:\/\/www.protronic.sk\/wp-content\/uploads\/2014\/04\/8-1024x766.jpg\" alt=\"8\" width=\"348\" height=\"272\" \/><\/a>Dieses System wurde entwickelt, um eine einzelne AC \/ DC-Ausgang entweder Gl\u00fchlampen oder LEDs geladen steuern. Auf der Leiterplatte sind zwei Schalter zur Moduswahl (Soft-Start &#8211; Soft-Stop \/ Blinken, Dauerlicht) und einem Rotationsschneider, k\u00f6nnen Sie das Intervall einstellen Flimmern auf. L\u00e4nge helle oder dunkle Zustand nach schrittweisen Inbetriebnahme oder rollt. L\u00e4nge der Steigung nach oben und unten ist durchweg ca. 5 Sekunden und kann nicht vom Benutzer einstellbar, aber Sie k\u00f6nnen es auf Wunsch des Kunden anzupassen, sowie blinkende Einschaltdauer, die eine Standard 2:1.<\/p>\n<p><strong>TECHNISCHE DATEN:<\/strong><\/p>\n<p>&#8211; Kraft \u00a0 \u00a0 \u00a0 \u00a0 \u00a0 \u00a0 \u00a0 \u00a0 \u00a0 \u00a0 \u00a0 \u00a0 \u00a0 \u00a0 \u00a0 \u00a0 \u00a0 \u00a0 \u00a0 \u00a0 \u00a0 \u00a0 \u00a0 \u00a0 \u00a0 \u00a0 \u00a0230 V \/ 50 Hz<\/p>\n<p>&#8211; Ausgangsleistung\u00a0 \u00a0 \u00a0 \u00a0 \u00a0 \u00a0 \u00a0 \u00a0 \u00a0 \u00a0 \u00a0 \u00a0 \u00a0 \u00a0 \u00a0 \u00a0400 W \/ AC, DC<\/p>\n<p>&#8211; Intervall Einstellbereich \u00a0 \u00a0\u00a0\u00a0 \u00a0 \u00a0 \u00a0 \u00a0 \u00a0 \u00a0 1 \u201315 s<\/p>\n<p><strong>PREIS: 25,-<\/strong><\/p>","protected":false},"excerpt":{"rendered":"<p>Dieses System wurde entwickelt, um eine einzelne AC \/ DC-Ausgang entweder Gl\u00fchlampen oder LEDs geladen steuern. Auf der Leiterplatte sind zwei Schalter zur Moduswahl (Soft-Start &#8211; Soft-Stop \/ Blinken, Dauerlicht) und einem Rotationsschneider, k\u00f6nnen Sie das Intervall einstellen Flimmern auf. L\u00e4nge helle oder dunkle Zustand nach schrittweisen Inbetriebnahme oder rollt. L\u00e4nge der Steigung nach oben [&hellip;]<\/p>\n","protected":false},"author":1,"featured_media":0,"parent":0,"menu_order":0,"comment_status":"closed","ping_status":"closed","template":"","meta":[],"_links":{"self":[{"href":"https:\/\/www.protronic.sk\/de\/wp-json\/wp\/v2\/pages\/196"}],"collection":[{"href":"https:\/\/www.protronic.sk\/de\/wp-json\/wp\/v2\/pages"}],"about":[{"href":"https:\/\/www.protronic.sk\/de\/wp-json\/wp\/v2\/types\/page"}],"author":[{"embeddable":true,"href":"https:\/\/www.protronic.sk\/de\/wp-json\/wp\/v2\/users\/1"}],"replies":[{"embeddable":true,"href":"https:\/\/www.protronic.sk\/de\/wp-json\/wp\/v2\/comments?post=196"}],"version-history":[{"count":12,"href":"https:\/\/www.protronic.sk\/de\/wp-json\/wp\/v2\/pages\/196\/revisions"}],"predecessor-version":[{"id":901,"href":"https:\/\/www.protronic.sk\/de\/wp-json\/wp\/v2\/pages\/196\/revisions\/901"}],"wp:attachment":[{"href":"https:\/\/www.protronic.sk\/de\/wp-json\/wp\/v2\/media?parent=196"}],"curies":[{"name":"wp","href":"https:\/\/api.w.org\/{rel}","templated":true}]}}