{"id":165,"date":"2014-04-10T11:23:58","date_gmt":"2014-04-10T09:23:58","guid":{"rendered":"http:\/\/www.protronic.sk\/?page_id=165"},"modified":"2021-04-11T15:05:23","modified_gmt":"2021-04-11T13:05:23","slug":"elektronicka-aretacia","status":"publish","type":"page","link":"https:\/\/www.protronic.sk\/de\/elektronicka-aretacia\/","title":{"rendered":"Electronic Aretation FL -02"},"content":{"rendered":"<p><a href=\"http:\/\/www.protronic.sk\/wp-content\/uploads\/2021\/04\/K6.jpg\"><img loading=\"lazy\" class=\"alignleft size-medium wp-image-859\" src=\"http:\/\/www.protronic.sk\/wp-content\/uploads\/2021\/04\/K6-256x300.jpg\" alt=\"\" width=\"256\" height=\"300\" srcset=\"https:\/\/www.protronic.sk\/wp-content\/uploads\/2021\/04\/K6-256x300.jpg 256w, https:\/\/www.protronic.sk\/wp-content\/uploads\/2021\/04\/K6.jpg 316w\" sizes=\"(max-width: 256px) 100vw, 256px\" \/><\/a><\/p>\n<p style=\"text-align: justify;\">Jednotka elektronickej aret\u00e1cie FT-02 sa vyu\u017e\u00edva na tla\u010didlov\u00e9 ovl\u00e1danie spotrebi\u010dov baz\u00e9novej techniky. Vyr\u00e1ba sa v\u00fdlu\u010dne v preveden\u00ed s dvoma samostatn\u00fdmi kan\u00e1lmi, \u010do kore\u0161ponduje s obvyklou konfigur\u00e1ciou aj jednoduch\u00fdch rodinn\u00fdch baz\u00e9nov, kde je po\u017eiadavka na ovl\u00e1danie jedn\u00e9ho obvodu svetiel a jedn\u00e9ho \u010derpadla protipr\u00fadu. Vstup sa ovl\u00e1da priamo kontaktom tla\u010didla a v\u00fdstup tvoria kontakty rel\u00e9 bez potenci\u00e1lu, tak\u017ee sa m\u00f4\u017eu vyu\u017ei\u0165 \u013eubovo\u013en\u00fdm sp\u00f4sobom v \u010fal\u0161\u00edch ovl\u00e1dac\u00edch obvodoch.<\/p>\n<p><b>TECHNICK\u00c9 \u00daDAJE:<\/b><b><br \/>\n<\/b><\/p>\n<p>&#8211; nap\u00e1janie\u00a0\u00a0\u00a0\u00a0\u00a0\u00a0\u00a0\u00a0\u00a0\u00a0\u00a0\u00a0\u00a0\u00a0\u00a0\u00a0\u00a0\u00a0\u00a0\u00a0\u00a0\u00a0\u00a0\u00a0\u00a0\u00a0\u00a0\u00a0\u00a0\u00a0\u00a0 12V DC<\/p>\n<p>&#8211; pr\u00edkon\u00a0\u00a0\u00a0\u00a0\u00a0\u00a0\u00a0\u00a0\u00a0\u00a0\u00a0\u00a0\u00a0\u00a0\u00a0\u00a0\u00a0\u00a0\u00a0\u00a0\u00a0\u00a0\u00a0\u00a0\u00a0\u00a0\u00a0\u00a0\u00a0\u00a0\u00a0\u00a0\u00a0\u00a0\u00a0\u00a0\u00a0\u00a0 1W<\/p>\n<p>&#8211; v\u00fdstup\u00a0\u00a0\u00a0\u00a0\u00a0\u00a0\u00a0\u00a0\u00a0\u00a0\u00a0\u00a0\u00a0\u00a0\u00a0\u00a0\u00a0\u00a0\u00a0\u00a0\u00a0\u00a0\u00a0\u00a0\u00a0\u00a0\u00a0\u00a0\u00a0\u00a0\u00a0\u00a0\u00a0 kontakt rel\u00e9 150V \/ 1A<\/p>\n<p>&#8211; rozmery\u00a0\u00a0\u00a0\u00a0\u00a0\u00a0\u00a0\u00a0\u00a0\u00a0\u00a0\u00a0\u00a0\u00a0\u00a0\u00a0\u00a0\u00a0\u00a0\u00a0\u00a0\u00a0\u00a0\u00a0\u00a0\u00a0\u00a0\u00a0\u00a0\u00a0\u00a0\u00a0 3 moduly na DIN li\u0161te<\/p>\n<p>&#8211; hmotnos\u0165\u00a0\u00a0\u00a0\u00a0\u00a0\u00a0\u00a0\u00a0\u00a0\u00a0\u00a0\u00a0\u00a0\u00a0\u00a0\u00a0\u00a0\u00a0\u00a0\u00a0\u00a0\u00a0\u00a0\u00a0\u00a0\u00a0\u00a0\u00a0\u00a0\u00a0\u00a0\u00a0\u00a0\u00a0\u00a0\u00a0\u00a0\u00a0\u00a0\u00a0\u00a0\u00a0 90g<\/p>\n<p>&#8211; krytie\u00a0\u00a0\u00a0\u00a0\u00a0\u00a0\u00a0\u00a0\u00a0\u00a0\u00a0\u00a0\u00a0\u00a0\u00a0\u00a0\u00a0\u00a0\u00a0\u00a0\u00a0\u00a0\u00a0\u00a0\u00a0\u00a0\u00a0\u00a0\u00a0\u00a0\u00a0\u00a0\u00a0\u00a0\u00a0\u00a0\u00a0\u00a0\u00a0\u00a0\u00a0\u00a0\u00a0\u00a0\u00a0\u00a0 IP20<\/p>\n<p><b>Cena: 18,- EUR<br \/>\n<\/b><\/p>","protected":false},"excerpt":{"rendered":"<p>Jednotka elektronickej aret\u00e1cie FT-02 sa vyu\u017e\u00edva na tla\u010didlov\u00e9 ovl\u00e1danie spotrebi\u010dov baz\u00e9novej techniky. Vyr\u00e1ba sa v\u00fdlu\u010dne v preveden\u00ed s dvoma samostatn\u00fdmi kan\u00e1lmi, \u010do kore\u0161ponduje s obvyklou konfigur\u00e1ciou aj jednoduch\u00fdch rodinn\u00fdch baz\u00e9nov, kde je po\u017eiadavka na ovl\u00e1danie jedn\u00e9ho obvodu svetiel a jedn\u00e9ho \u010derpadla protipr\u00fadu. Vstup sa ovl\u00e1da priamo kontaktom tla\u010didla a v\u00fdstup tvoria kontakty rel\u00e9 bez potenci\u00e1lu, [&hellip;]<\/p>\n","protected":false},"author":1,"featured_media":0,"parent":0,"menu_order":0,"comment_status":"closed","ping_status":"closed","template":"","meta":[],"_links":{"self":[{"href":"https:\/\/www.protronic.sk\/de\/wp-json\/wp\/v2\/pages\/165"}],"collection":[{"href":"https:\/\/www.protronic.sk\/de\/wp-json\/wp\/v2\/pages"}],"about":[{"href":"https:\/\/www.protronic.sk\/de\/wp-json\/wp\/v2\/types\/page"}],"author":[{"embeddable":true,"href":"https:\/\/www.protronic.sk\/de\/wp-json\/wp\/v2\/users\/1"}],"replies":[{"embeddable":true,"href":"https:\/\/www.protronic.sk\/de\/wp-json\/wp\/v2\/comments?post=165"}],"version-history":[{"count":16,"href":"https:\/\/www.protronic.sk\/de\/wp-json\/wp\/v2\/pages\/165\/revisions"}],"predecessor-version":[{"id":877,"href":"https:\/\/www.protronic.sk\/de\/wp-json\/wp\/v2\/pages\/165\/revisions\/877"}],"wp:attachment":[{"href":"https:\/\/www.protronic.sk\/de\/wp-json\/wp\/v2\/media?parent=165"}],"curies":[{"name":"wp","href":"https:\/\/api.w.org\/{rel}","templated":true}]}}