{"id":163,"date":"2014-04-10T11:23:44","date_gmt":"2014-04-10T09:23:44","guid":{"rendered":"http:\/\/www.protronic.sk\/?page_id=163"},"modified":"2015-08-12T07:16:12","modified_gmt":"2015-08-12T05:16:12","slug":"zobrazovace-firmy-protronic-rada-sd-100","status":"publish","type":"page","link":"https:\/\/www.protronic.sk\/de\/zobrazovace-firmy-protronic-rada-sd-100\/","title":{"rendered":"PANEL digitale Thermometer Reihe SD100"},"content":{"rendered":"<p><\/p>\n<p style=\"text-align: justify;\"><b><a href=\"http:\/\/www.protronic.sk\/wp-content\/uploads\/2014\/04\/14.jpg\"><img loading=\"lazy\" class=\"alignleft  wp-image-134\" alt=\"14\" src=\"http:\/\/www.protronic.sk\/wp-content\/uploads\/2014\/04\/14.jpg\" width=\"344\" height=\"208\" \/><\/a><\/b><strong>SD R 100<\/strong> ist eine einzige Anzeige, die die Temperatur in einer Weise, die liest die Daten von der Temperatur in digitaler Form mittels seiner eigenen RS -232- Datenressource kann zB . Thermostat TS 050 Dxx , die zus\u00e4tzlich zu den normalen vegetativen Temperaturkontrolle sendet eine Anzeige der tats\u00e4chlichen Temperatur des digitalen Ausgabe auch im Standard RS232. Ziffernh\u00f6he betr\u00e4gt 100 mm.<\/p>\n<p><strong>SD 100 L<\/strong> Ein Display zeigt Temperatur gemessen eigenen Temperaturf\u00fchler. \u00a0 <strong>PRICE:\u00a0 113,- EUR<\/strong><\/p>\n<p style=\"text-align: justify;\"><b><a href=\"http:\/\/www.protronic.sk\/wp-content\/uploads\/2014\/04\/15.jpg\"><img loading=\"lazy\" class=\"alignleft  wp-image-135\" alt=\"15\" src=\"http:\/\/www.protronic.sk\/wp-content\/uploads\/2014\/04\/15.jpg\" width=\"342\" height=\"212\" \/><\/a><\/b><strong>SD 100 LR<\/strong> ist eine Anzeige , die die zwei Temperaturen und Zeitmultiplex , dh 4 Sekunden wechselt Temperaturanzeige mit Daten zu Lufttemperatur. Diese Art von Ma\u00dfnahmen die Wassertemperatur mit dem Thermostat und digitale Schnittstellen und autonomen Lufttemperatur, also einen eigenen Temperaturf\u00fchler. Im Moment leuchtet die Wassertemperatur -Anzeige das Wort &#8222;Wasser&#8220;. <strong>SD LL 100<\/strong> als eine <strong>SD 100LR<\/strong> mit dem Unterschied, dass die beiden Temperaturen werden durch eigene Temperatursensoren gemessen wird, ist , dass autonom. <strong>PREIS: 120 , &#8211; EUR<\/strong><\/p>\n<p style=\"text-align: justify;\"><b><a href=\"http:\/\/www.protronic.sk\/wp-content\/uploads\/2014\/04\/16.jpg\"><img loading=\"lazy\" class=\"alignleft  wp-image-136\" alt=\"16\" src=\"http:\/\/www.protronic.sk\/wp-content\/uploads\/2014\/04\/16.jpg\" width=\"342\" height=\"354\" \/><\/a>SD 100 DLR <\/b>zeigt die gleiche Wassertemperatur und Lufttemperatur. Hier ist die Wassertemperatur wird digital \u00fcber RS232 Be-und Lufttemperatur wird unabh\u00e4ngig gemessen .<b> SD 100 DLL <\/b>zeigt gleichzeitig die Wassertemperatur und Lufttemperatur, und sind beide selbstst\u00e4ndig gemessen , das ist ihre eigene Temperatursensoren.<b> PREIS: 223 , &#8211; EUR <\/b><\/p>\n<p style=\"text-align: justify;\"><b>TECHNISCHE DATEN:<\/b><\/p>\n<p>&#8211; Stromversorgung\u00a0\u00a0\u00a0\u00a0\u00a0\u00a0\u00a0\u00a0\u00a0\u00a0\u00a0\u00a0\u00a0\u00a0\u00a0\u00a0\u00a0\u00a0\u00a0\u00a0\u00a0 12V DC &#8211; Stromverbrauch \u00a0 \u00a0 \u00a0 \u00a0 \u00a0 \u00a0 \u00a0\u00a0 \u00a0 \u00a0 \u00a0 \u00a0 5 &#8211; 10W<\/p>\n<p>&#8211; Anzeige \u00a0 \u00a0 \u00a0 \u00a0 \u00a0 \u00a0 \u00a0 \u00a0 \u00a0 \u00a0 \u00a0 \u00a0 \u00a0 \u00a0 \u00a0 \u00a0 \u00a0 Celsius , und Zehner<\/p>\n<p>&#8211; H\u00f6he und Farbe Ziffern\u00a0\u00a0\u00a0\u00a0\u00a0\u00a0\u00a0\u00a0\u00a0\u00a0\u00a0\u00a0\u00a0\u00a0 100mm rot<\/p>\n<p>&#8211; Abmessungen \u00a0 \u00a0 \u00a0 \u00a0 \u00a0 \u00a0 \u00a0 \u00a0 \u00a0 \u00a0 \u00a0 \u00a0 \u00a0\u00a0 265 x 165 x 25 mm<\/p>\n<p>Alle Monitore sind f\u00fcr den sicheren Spannung 12V DC ( oder AC ) ausgelegt. Ist der Kunde nicht in der Lage , sich eine solche Macht auf die Platte zu bringen , gibt es zwei Versionen von Stromquellen , n\u00e4mlich die AC -Adapter-Stecker -Design in der Preis von 6 , &#8211; EUR , oder die Stromversorgung auf der Hutschiene im Preis von 10, &#8211; EUR <a href=\"http:\/\/www.protronic.sk\/wp-content\/uploads\/2014\/04\/P1020683.jpg\"><img loading=\"lazy\" alt=\"P1020683\" src=\"http:\/\/www.protronic.sk\/wp-content\/uploads\/2014\/04\/P1020683-300x225.jpg\" width=\"258\" height=\"193\" \/><\/a><\/p>\n<p>Alle zuvor genannten design haben einen Rahmen aus aluplast-Profil. Verf\u00fcgbar ist auch die Oberfl\u00e4che der aluminium-profile standard-eloxiert in schwarz matt Farbe, die Preise von displays mit dieser Rahmen su aber nat\u00fcrlich oben. <a href=\"http:\/\/www.protronic.sk\/wp-content\/uploads\/2014\/04\/P1020684.jpg\"><img loading=\"lazy\" alt=\"P1020684\" src=\"http:\/\/www.protronic.sk\/wp-content\/uploads\/2014\/04\/P1020684-300x225.jpg\" width=\"239\" height=\"179\" \/><\/a><\/p>\n<p>&nbsp;<\/p>\n<p>in Kombination mit<strong>\u00a0CK57 <\/strong>zusammen\u00a0\u00a0<strong> 227,- EUR<\/strong><\/p>\n<p><strong>SD 100 RL, LL\u00a0\u00a0\u00a0\u00a0\u00a0\u00a0\u00a0\u00a0\u00a0\u00a0\u00a0\u00a0 \u00a0 \u00a0 \u00a0 \u00a0 \u00a0 \u00a0 \u00a0\u00a0\u00a0\u00a0\u00a0 \u00a0 \u00a0 \u00a0 \u00a0\u00a0 142,- EUR<\/strong><\/p>\n<p>in Kombination mit<strong>\u00a0CK57\u00a0<\/strong>zusammen \u00a0<strong> 234,- EUR<\/strong><\/p>\n<p><strong>SD 100 DRR, DRL, DLL\u00a0\u00a0\u00a0\u00a0\u00a0\u00a0 \u00a0 \u00a0 \u00a0 \u00a0 \u00a0 \u00a0 244,- EUR<\/strong><\/p>\n<p>in Kombination mit<strong>\u00a0CK57\u00a0<\/strong>zusammen<strong>\u00a0 \u00a0 335,- EUR<\/strong><\/p>\n<p><\/p>","protected":false},"excerpt":{"rendered":"<p>SD R 100 ist eine einzige Anzeige, die die Temperatur in einer Weise, die liest die Daten von der Temperatur in digitaler Form mittels seiner eigenen RS -232- Datenressource kann zB . Thermostat TS 050 Dxx , die zus\u00e4tzlich zu den normalen vegetativen Temperaturkontrolle sendet eine Anzeige der tats\u00e4chlichen Temperatur des digitalen Ausgabe auch im [&hellip;]<\/p>\n","protected":false},"author":1,"featured_media":0,"parent":0,"menu_order":0,"comment_status":"closed","ping_status":"closed","template":"","meta":[],"_links":{"self":[{"href":"https:\/\/www.protronic.sk\/de\/wp-json\/wp\/v2\/pages\/163"}],"collection":[{"href":"https:\/\/www.protronic.sk\/de\/wp-json\/wp\/v2\/pages"}],"about":[{"href":"https:\/\/www.protronic.sk\/de\/wp-json\/wp\/v2\/types\/page"}],"author":[{"embeddable":true,"href":"https:\/\/www.protronic.sk\/de\/wp-json\/wp\/v2\/users\/1"}],"replies":[{"embeddable":true,"href":"https:\/\/www.protronic.sk\/de\/wp-json\/wp\/v2\/comments?post=163"}],"version-history":[{"count":57,"href":"https:\/\/www.protronic.sk\/de\/wp-json\/wp\/v2\/pages\/163\/revisions"}],"predecessor-version":[{"id":225,"href":"https:\/\/www.protronic.sk\/de\/wp-json\/wp\/v2\/pages\/163\/revisions\/225"}],"wp:attachment":[{"href":"https:\/\/www.protronic.sk\/de\/wp-json\/wp\/v2\/media?parent=163"}],"curies":[{"name":"wp","href":"https:\/\/api.w.org\/{rel}","templated":true}]}}