{"id":161,"date":"2014-04-10T11:23:13","date_gmt":"2014-04-10T09:23:13","guid":{"rendered":"http:\/\/www.protronic.sk\/?page_id=161"},"modified":"2015-04-01T11:46:09","modified_gmt":"2015-04-01T09:46:09","slug":"dvojity-elektronicky-tlakovy-spinac-ps2-f","status":"publish","type":"page","link":"https:\/\/www.protronic.sk\/de\/dvojity-elektronicky-tlakovy-spinac-ps2-f\/","title":{"rendered":"Dual elektronischer Druckschalter PS2 -F"},"content":{"rendered":"<p><\/p>\n<p style=\"text-align: justify;\"><a href=\"http:\/\/www.protronic.sk\/wp-content\/uploads\/2014\/04\/6.jpg\"><img loading=\"lazy\" class=\"alignleft  wp-image-121\" alt=\"6\" src=\"http:\/\/www.protronic.sk\/wp-content\/uploads\/2014\/04\/6-1024x768.jpg\" width=\"328\" height=\"229\" \/><\/a>Der Druckschalter wird verwendet, um elektrische Ger\u00e4te mit Kolben oder Membran mechanische Steuerungen entwickelnden Steuerdruck , der normalerweise in aggressiven oder sehr feuchten Umgebungen, in denen dies nicht keine Elektronik und keine elektrischen Tasten befinden sich steuern , da die elektronische Auswerteeinheit , die mit der Steuerung verbunden ist, nur d\u00fcnnen Schlauch kann in einer trockenen Umgebung platziert werden. Im Vergleich zu mechanischen Druckschalter, wird diese Vorrichtung durch kontinuierliche Messung des Drucks und der elektronischen Auswertung der Schwellenpegel , die f\u00fcr mehrere h\u00f6here Empfindlichkeit auf \u00c4nderungen des Drucks in dem Einlassrohr und somit in ausreichendem Abstand (Bereich) zwischen den mechanischen Kolben und Auswerteelektronik erm\u00f6glicht wird. In der Praxis bedeutet dies, dass das Ger\u00e4t in den meisten F\u00e4llen direkt in den Schrank , die dem Jacuzzi und den Pool , auch wenn es ziemlich weit , ohne die Notwendigkeit f\u00fcr die Verbindung von Luft durch den Schalter auf den Stromleitungen irgendwo auf der Strecke an den Verteiler gezogen entspricht platziert werden , da das Ger\u00e4t bei Dr\u00fccken reagiert bereits die Reihenfolge der Einheiten kPa . Auf Wunsch des Kunden ist es m\u00f6glich, die Empfindlichkeit der Standard weiter zu erh\u00f6hen , wie es die Situation erfordert . Beide Kan\u00e4le sind vollkommen unabh\u00e4ngig und galvanisch getrennt und auf Logik -Flip-Flop , was bedeutet, dass durch Dr\u00fccken der Ausgangsrelais erregt und die zweite Presse ge\u00f6ffnet laufen . Ausschalten des Ger\u00e4ts , alle geschlossenen Zustand Ausg\u00e4nge abbrechen und dann die Wiederaufnahme Macht das Ger\u00e4t setzt die Ausg\u00e4nge nach der offenen .<\/p>\n<p><strong>TECHNISCHE DATEN:<\/strong><\/p>\n<p>&#8211; Netzspannung\u00a0\u00a0\u00a0\u00a0\u00a0\u00a0\u00a0\u00a0\u00a0\u00a0\u00a0\u00a0\u00a0\u00a0\u00a0\u00a0\u00a0\u00a0\u00a0\u00a0\u00a0\u00a0\u00a0\u00a0\u00a0\u00a0\u00a0\u00a0\u00a0\u00a0\u00a0\u00a0\u00a0\u00a0\u00a0\u00a0\u00a0\u00a0 230 Volt \/ 50 Hz<\/p>\n<p>&#8211; Stromverbrauch \u00a0 \u00a0\u00a0 \u00a0\u00a0\u00a0\u00a0\u00a0\u00a0\u00a0\u00a0\u00a0\u00a0\u00a0\u00a0\u00a0\u00a0\u00a0\u00a0\u00a0\u00a0\u00a0\u00a0\u00a0\u00a0\u00a0\u00a0\u00a0\u00a0\u00a0\u00a0\u00a0\u00a0\u00a0\u00a0\u00a0\u00a0\u00a0\u00a0\u00a0\u00a0\u00a0\u00a0 1VA<\/p>\n<p>&#8211; Ausgang \u00a0 \u00a0 \u00a0 \u00a0 \u00a0 \u00a0 \u00a0 \u00a0 \u00a0 \u00a0 \u00a0 \u00a0 \u00a0 \u00a0 \u00a0 \u00a0 \u00a0 \u00a0 \u00a0 \u00a0 \u00a0 \u00a0 \u00a0 \u00a0\u00a0 Relais 250V \/ 3A<\/p>\n<p>&#8211; Reichweite \u00a0 \u00a0 \u00a0 \u00a0 \u00a0 \u00a0 \u00a0 \u00a0 \u00a0 \u00a0 \u00a0 \u00a0 \u00a0 \u00a0 10 Meter (auf Bestellung und mehr)<\/p>\n<p>&#8211; Maximaler Druck \u00a0 \u00a0 \u00a0 \u00a0 \u00a0 \u00a0 \u00a0 \u00a0 \u00a0 \u00a0 \u00a0 \u00a0 \u00a0 \u00a0 \u00a0 \u00a0 \u00a0 \u00a0 \u00a0 \u00a0 \u00a0 35kPa<\/p>\n<p>&#8211; Gr\u00f6\u00dfe\u00a0\u00a0\u00a0\u00a0\u00a0\u00a0\u00a0\u00a0\u00a0\u00a0\u00a0\u00a0\u00a0\u00a0\u00a0\u00a0\u00a0\u00a0\u00a0\u00a0\u00a0\u00a0\u00a0\u00a0\u00a0\u00a0\u00a0\u00a0\u00a0\u00a0\u00a0\u00a0\u00a0\u00a0\u00a0\u00a0\u00a0\u00a0 2 Module auf der DIN- Schiene<\/p>\n<p><strong>Preis: 60 , &#8211; EUR<\/strong><\/p>","protected":false},"excerpt":{"rendered":"<p>Der Druckschalter wird verwendet, um elektrische Ger\u00e4te mit Kolben oder Membran mechanische Steuerungen entwickelnden Steuerdruck , der normalerweise in aggressiven oder sehr feuchten Umgebungen, in denen dies nicht keine Elektronik und keine elektrischen Tasten befinden sich steuern , da die elektronische Auswerteeinheit , die mit der Steuerung verbunden ist, nur d\u00fcnnen Schlauch kann in einer [&hellip;]<\/p>\n","protected":false},"author":1,"featured_media":0,"parent":0,"menu_order":0,"comment_status":"closed","ping_status":"closed","template":"","meta":[],"_links":{"self":[{"href":"https:\/\/www.protronic.sk\/de\/wp-json\/wp\/v2\/pages\/161"}],"collection":[{"href":"https:\/\/www.protronic.sk\/de\/wp-json\/wp\/v2\/pages"}],"about":[{"href":"https:\/\/www.protronic.sk\/de\/wp-json\/wp\/v2\/types\/page"}],"author":[{"embeddable":true,"href":"https:\/\/www.protronic.sk\/de\/wp-json\/wp\/v2\/users\/1"}],"replies":[{"embeddable":true,"href":"https:\/\/www.protronic.sk\/de\/wp-json\/wp\/v2\/comments?post=161"}],"version-history":[{"count":10,"href":"https:\/\/www.protronic.sk\/de\/wp-json\/wp\/v2\/pages\/161\/revisions"}],"predecessor-version":[{"id":771,"href":"https:\/\/www.protronic.sk\/de\/wp-json\/wp\/v2\/pages\/161\/revisions\/771"}],"wp:attachment":[{"href":"https:\/\/www.protronic.sk\/de\/wp-json\/wp\/v2\/media?parent=161"}],"curies":[{"name":"wp","href":"https:\/\/api.w.org\/{rel}","templated":true}]}}