{"id":156,"date":"2014-04-10T11:22:25","date_gmt":"2014-04-10T09:22:25","guid":{"rendered":"http:\/\/www.protronic.sk\/?page_id=156"},"modified":"2015-04-01T11:45:30","modified_gmt":"2015-04-01T09:45:30","slug":"digitalny-termostat-s-realnym-casom-cts-060","status":"publish","type":"page","link":"https:\/\/www.protronic.sk\/de\/digitalny-termostat-s-realnym-casom-cts-060\/","title":{"rendered":"Digital-Thermostat mit Realzeituhr CTS 060"},"content":{"rendered":"<p><\/p>\n<p style=\"text-align: justify;\"><a href=\"http:\/\/www.protronic.sk\/wp-content\/uploads\/2014\/04\/2.jpg\"><img loading=\"lazy\" class=\"alignleft  wp-image-110\" alt=\"2\" src=\"http:\/\/www.protronic.sk\/wp-content\/uploads\/2014\/04\/2.jpg\" width=\"294\" height=\"222\" \/><\/a>CTS 060 ist ein elektronisches Steuermodul in erster Linie zum Filtrieren und Heizsysteme im Pool steuern. Vereint in sich Digital-Thermostat mit einstellbarer Offset , um die aktuelle Temperatur, Echtzeituhr mit Backup- und Tageszyklen, verstellbare drei Schlitze f\u00fcr die Befestigung der Filtration mit Minutengenauigkeitanzuzeigen. Au\u00dferdem weist diese Vorrichtung eine integrierte Logik mit wahl Priorit\u00e4t der Zeit oder Temperatur Sinn und die F\u00e4higkeit, den Thermostatschaltausgangentweder als Schalter zum Erw\u00e4rmen oder K\u00fchlen Pause gesetzt . Es ist mit einem Eingang zum Filtern des Str\u00f6mungssensors , um zu \u00fcberpr\u00fcfen, ob der Start der Filtration ausgestattet und es war tats\u00e4chlich eine ausreichende Str\u00f6mung in der Rohrleitung , da\u00df der Toleranz der Str\u00f6mungsverlust durch sowohl das Einschalten oder w\u00e4hrend des Betriebs der Filtration betr\u00e4gt 30 Sekunden. Das komplette Ger\u00e4t ist ein Temperatursensor, der Widerstand und hoher Widerstand , was bedeutet, dass ein Verl\u00e4ngerungskabel von bis zu mehreren Metern wird keine signifikante Verzerrung in der Messung der Temperatur zu bewirken.<\/p>\n<p><strong>TECHNISCHE DATEN:<\/strong><\/p>\n<p>&#8211; Netzspannung\u00a0\u00a0\u00a0\u00a0\u00a0\u00a0\u00a0\u00a0\u00a0\u00a0\u00a0\u00a0\u00a0\u00a0\u00a0\u00a0\u00a0\u00a0\u00a0\u00a0\u00a0\u00a0\u00a0\u00a0\u00a0\u00a0\u00a0\u00a0\u00a0\u00a0\u00a0\u00a0\u00a0\u00a0\u00a0\u00a0\u00a0\u00a0\u00a0\u00a0\u00a0\u00a0\u00a0\u00a0\u00a0\u00a0\u00a0\u00a0\u00a0\u00a0\u00a0 230 Volt \/ 50 Hz<\/p>\n<p>&#8211; Stromverbrauch \u00a0 \u00a0 \u00a0 \u00a0 \u00a0 \u00a0 \u00a0 \u00a0 \u00a0 \u00a0 \u00a0 \u00a0 \u00a0 \u00a0 \u00a0 \u00a0 \u00a0 \u00a0 \u00a0 \u00a0 \u00a0 \u00a0 \u00a0 \u00a0 \u00a0 \u00a0 \u00a0 \u00a0 < 1VA\n\n- Temperaturmessbereich \u00a0 \u00a0 \u00a0 \u00a0 \u00a0 \u00a0 \u00a0 \u00a0 \u00a0 \u00a0 \u00a0 \u00a0 \u00a0 \u00a0 \u00a0 \u00a0 \u00a0 von 0 bis 60 \u00b0 C\n\n- Temperatureinstellung\u00a0 \u00a0 \u00a0 \u00a0 \u00a0 \u00a0 \u00a0 \u00a0 \u00a0 \u00a0 \u00a0 \u00a0 \u00a0 \u00a0 \u00a0 \u00a0 \u00a0 \u00a0 von 10 bis 49 \u00b0 C\n\n- Offset Einstellbereich \u00a0 \u00a0 \u00a0 \u00a0 \u00a0 \u00a0 \u00a0 \u00a0 \u00a0 \u00a0 \u00a0 \u00a0 \u00a0 \u00a0 \u00a0 \u00a0 \u00a0 \u00a0 \u00a0 \u00a0 \u00a0 \u00a0 \u00a0\u00a0 0-6 \u00b0 C\n\n- Hysterese (fest)\u00a0\u00a0\u00a0\u00a0\u00a0\u00a0\u00a0\u00a0\u00a0\u00a0\u00a0\u00a0\u00a0\u00a0\u00a0\u00a0\u00a0\u00a0\u00a0\u00a0\u00a0\u00a0\u00a0\u00a0\u00a0\u00a0\u00a0\u00a0\u00a0\u00a0\u00a0\u00a0\u00a0\u00a0\u00a0\u00a0\u00a0\u00a0\u00a0\u00a0\u00a0\u00a0\u00a0\u00a0\u00a0\u00a0\u00a0\u00a0\u00a0\u00a0\u00a0\u00a0\u00a0\u00a0\u00a0\u00a0\u00a0\u00a0 0,5 \u00b0 C\n\n- Standard- Sensorkabel L\u00e4nge \u00a0 \u00a0 \u00a0 \u00a0 \u00a0 \u00a0 \u00a0 \u00a0 \u00a0 \u00a0 \u00a0 \u00a0 \u00a0 \u00a0 \u00a0 \u00a0 \u00a0\u00a0 3 m\n\n- Zykluszeiten\u00a0\u00a0\u00a0\u00a0\u00a0\u00a0\u00a0\u00a0\u00a0\u00a0\u00a0\u00a0\u00a0\u00a0\u00a0\u00a0\u00a0\u00a0\u00a0\u00a0\u00a0\u00a0\u00a0\u00a0\u00a0\u00a0\u00a0\u00a0\u00a0\u00a0\u00a0\u00a0\u00a0\u00a0\u00a0\u00a0\u00a0\u00a0\u00a0\u00a0\u00a0\u00a0\u00a0\u00a0\u00a0\u00a0\u00a0\u00a0\u00a0\u00a0\u00a0\u00a0\u00a0\u00a0\u00a0\u00a0\u00a0\u00a0\u00a0\u00a0\u00a0\u00a0\u00a0 t\u00e4glich\n\n- Ausg\u00e4nge f\u00fcr Heizung \/ K\u00fchlung und Filtration \u00a0 \u00a0\u00a0 Relais 250V \/ 3A\n\n- Digital- Ausgang (optional ) \u00a0 \u00a0 \u00a0 \u00a0 \u00a0 \u00a0 \u00a0 \u00a0 \u00a0 \u00a0 \u00a0 \u00a0 \u00a0 \u00a0 \u00a0 \u00a0 \u00a0 \u00a0 \u00a0 RS232\n\n- \u00dcberwachung der Stromfiltration (optional) Sensoreingang , Zeitverz\u00f6gerung ca. 30s\n\n- Datensicherung - L\u00e4nge\u00a0\u00a0\u00a0\u00a0\u00a0\u00a0\u00a0\u00a0\u00a0\u00a0\u00a0\u00a0\u00a0\u00a0\u00a0\u00a0\u00a0\u00a0\u00a0 ca. 3 Jahre ohne Netzwerkverbindung\n\n- M\u00f6glichkeit zur Sicherung\u00a0\u00a0\u00a0\u00a0\u00a0\u00a0\u00a0\u00a0\u00a0\u00a0\u00a0\u00a0\u00a0\u00a0\u00a0\u00a0\u00a0\u00a0\u00a0\u00a0\u00a0\u00a0\u00a0\u00a0\u00a0 Lithium-Batterie CR2032\n\n\u00a0\n\n<strong>\u00a0Ger\u00e4tefunktionen :<\/strong><\/p>\n<p>Grundanzeige bietet Informationen \u00fcber die aktuelle Temperatur , Zeit und Statusausg\u00e4nge. Aktive Ausgangsanzeige blinkt Schreib &#8220; wat &#8220; f\u00fcr Heizung \/ K\u00fchlung und &#8222;CL&#8220; f\u00fcr den Umlauf , wenn diese Ausg\u00e4nge inaktiv angezeigt Zeichen werden permanent angezeigt werden.<\/p>\n<p>Dr\u00fccken Sie die MODE \/ SET , zuerst die gew\u00fcnschte Temperatureinstellung . Diese wird dann AUF und AB Tasten. Ein weiteres Dr\u00fccken von MODE \/ SET Jede Einstellung zeigen , damit die Einstellung Verschiebung, ZeitintervalleFiltration , Filtration \u00fcberrannt , Priorit\u00e4ten und das Gef\u00fchl der Schalt den Hauptausgang . In jeder Ansicht , setzt die einzelnen Parameter mit den Tasten AUF und AB .<\/p>\n<p>Eine detaillierte Beschreibung der Vorgehensweise und Sie k\u00f6nnen den unten verlinkten Datenblatt herunterladen.<\/p>\n<p><strong>Preis: 95 , &#8211; EUR<\/strong><\/p>\n<p>Laden Sie das Datenblatt :\u00a0 <a href=\"http:\/\/www.protronic.sk\/wp-content\/uploads\/2014\/04\/CTS-060.doc\">CTS 060<\/a><\/p>","protected":false},"excerpt":{"rendered":"<p>CTS 060 ist ein elektronisches Steuermodul in erster Linie zum Filtrieren und Heizsysteme im Pool steuern. Vereint in sich Digital-Thermostat mit einstellbarer Offset , um die aktuelle Temperatur, Echtzeituhr mit Backup- und Tageszyklen, verstellbare drei Schlitze f\u00fcr die Befestigung der Filtration mit Minutengenauigkeitanzuzeigen. Au\u00dferdem weist diese Vorrichtung eine integrierte Logik mit wahl Priorit\u00e4t der Zeit [&hellip;]<\/p>\n","protected":false},"author":1,"featured_media":0,"parent":0,"menu_order":0,"comment_status":"closed","ping_status":"closed","template":"","meta":[],"_links":{"self":[{"href":"https:\/\/www.protronic.sk\/de\/wp-json\/wp\/v2\/pages\/156"}],"collection":[{"href":"https:\/\/www.protronic.sk\/de\/wp-json\/wp\/v2\/pages"}],"about":[{"href":"https:\/\/www.protronic.sk\/de\/wp-json\/wp\/v2\/types\/page"}],"author":[{"embeddable":true,"href":"https:\/\/www.protronic.sk\/de\/wp-json\/wp\/v2\/users\/1"}],"replies":[{"embeddable":true,"href":"https:\/\/www.protronic.sk\/de\/wp-json\/wp\/v2\/comments?post=156"}],"version-history":[{"count":24,"href":"https:\/\/www.protronic.sk\/de\/wp-json\/wp\/v2\/pages\/156\/revisions"}],"predecessor-version":[{"id":770,"href":"https:\/\/www.protronic.sk\/de\/wp-json\/wp\/v2\/pages\/156\/revisions\/770"}],"wp:attachment":[{"href":"https:\/\/www.protronic.sk\/de\/wp-json\/wp\/v2\/media?parent=156"}],"curies":[{"name":"wp","href":"https:\/\/api.w.org\/{rel}","templated":true}]}}