{"id":154,"date":"2014-04-10T11:21:58","date_gmt":"2014-04-10T09:21:58","guid":{"rendered":"http:\/\/www.protronic.sk\/?page_id=154"},"modified":"2015-04-01T11:43:15","modified_gmt":"2015-04-01T09:43:15","slug":"system-riadenia-ohrevu-filtracie-a-atrakcii-s-dialkovym-ovladanim-cts-060r","status":"publish","type":"page","link":"https:\/\/www.protronic.sk\/de\/system-riadenia-ohrevu-filtracie-a-atrakcii-s-dialkovym-ovladanim-cts-060r\/","title":{"rendered":"Digital-Thermostat mit Hybrid-Steuer Attraktionen mit Fernbedienung CTS 060R"},"content":{"rendered":"<p>\u00a0<\/p>\n<p style=\"text-align: justify;\"><a href=\"http:\/\/www.protronic.sk\/wp-content\/uploads\/2014\/04\/1.jpg\"><img loading=\"lazy\" class=\"alignleft size-full wp-image-107\" alt=\"1\" src=\"http:\/\/www.protronic.sk\/wp-content\/uploads\/2014\/04\/1.jpg\" width=\"407\" height=\"190\" srcset=\"https:\/\/www.protronic.sk\/wp-content\/uploads\/2014\/04\/1.jpg 407w, https:\/\/www.protronic.sk\/wp-content\/uploads\/2014\/04\/1-300x140.jpg 300w\" sizes=\"(max-width: 407px) 100vw, 407px\" \/><\/a>Das System ist im Prinzip CTS 060 Thermostat , vor allem f\u00fcr das Management von Filtration und Heizungsanlagen in den Pool , der Ausbau der Attraktionen und serielle Steuerschnittstelle konzipiert. Vereint in sich Digital-Thermostat mit einstellbarer Offset , um die aktuelle Temperatur, Echtzeituhr mit Backup- und Tageszyklen, verstellbare drei Schlitze f\u00fcr die Befestigung der Filtration mit Minutengenauigkeit, einstellbare \u00fcberrannt dohriati Wasserfiltration nach Abschluss des Filtrationszyklus oder beim Erhitzen anzuzeigen. Au\u00dferdem weist diese Vorrichtung eine integrierte Logik mit wahl Priorit\u00e4t der Zeit oder Temperatur Sinn und die F\u00e4higkeit, den Thermostatschaltausgangentweder als Schalter zum Erw\u00e4rmen oder K\u00fchlen Pause gesetzt . Der Thermostat wird von 6 Ausg\u00e4nge f\u00fcr die Steuerung von Attraktionen, die gesteuert werden k\u00f6nnen, direkt mit Taste auf den Eingangsklemmen werden verl\u00e4ngert. Das komplette Ger\u00e4t ist ein Temperatursensor, der Widerstand und hoher Widerstand , was bedeutet, dass ein Verl\u00e4ngerungskabel von bis zu mehreren Metern wird keine signifikante Verzerrung in der Messung der Temperatur zu bewirken. Ein wichtiger Teil des Kits genannt . Router , die der Thermostat \u00fcber die RS232- Schnittstelle erm\u00f6glicht die Fernsteuerung verbindet Thermostat jede Vorrichtung mit Wi-Fi -Schnittstelle und einen Web- Browser. Das Protokoll zeigt die virtuelle Fernbedienung , der entweder auf dem Touchscreen oder Maus an den Computer eingeschaltet Attraktionen, subtrahieren Sie die aktuelle Wassertemperatur und der eingestellten , die auch \u00e4ndern kann, und zeigt den Status der Filtration, das hei\u00dft, ob Laufen, nicht ausgef\u00fchrt wird, oder oder ausgefallen ist. Um den korrekten Betrieb der Filtersteuereinheitauszuwerten hat einen Eingang zum Erfassen Str\u00f6mungs verz\u00f6gerte Auswertung. Alle Staaten sind von den virtuellen Farbwechsel -Tasten best\u00e4tigt sind. \u00c4ndern Sie die angezeigte Temperatur -Einstellung.<\/p>\n<p><strong>TECHNISCHE DATEN:<\/strong><\/p>\n<p>&#8211; Netzspannung \u00a0 \u00a0 \u00a0 \u00a0 \u00a0 \u00a0 \u00a0 \u00a0 \u00a0 \u00a0 \u00a0 \u00a0 \u00a0 \u00a0 \u00a0 \u00a0 \u00a0 \u00a0 \u00a0 \u00a0 \u00a0 \u00a0 230 Volt \/ 50 Hz<\/p>\n<p>&#8211; Stromverbrauch \u00a0 \u00a0 \u00a0 \u00a0 \u00a0 \u00a0 \u00a0 \u00a0 \u00a0 \u00a0 \u00a0 \u00a0 \u00a0 \u00a0 \u00a0 \u00a0 \u00a0 \u00a0 \u00a0 \u00a0 \u00a0 \u00a0 \u00a0 \u00a0 \u00a0\u00a0 < 5 VA\n\n- Temperaturmessbereich\u00a0\u00a0\u00a0\u00a0\u00a0\u00a0\u00a0\u00a0\u00a0\u00a0\u00a0\u00a0\u00a0\u00a0\u00a0\u00a0\u00a0\u00a0\u00a0\u00a0\u00a0\u00a0\u00a0\u00a0\u00a0\u00a0\u00a0\u00a0\u00a0 von 0 bis 60 \u00b0 C\n\n- Temperatureinstellung zwischen \u00a0 \u00a0 \u00a0 \u00a0 \u00a0 \u00a0\u00a0 von 10 und 49 \u00b0 C\n\n- Offset Einstellbereich \u00a0 \u00a0 \u00a0 \u00a0 \u00a0 \u00a0 \u00a0 \u00a0 \u00a0 \u00a0 \u00a0 \u00a0 \u00a0 \u00a0 \u00a0 \u00a0 \u00a0 \u00a0 \u00a0 \u00a0 \u00a0 0-6 \u00b0 C\n\n- Hysterese (fest) \u00a0 \u00a0 \u00a0 \u00a0 \u00a0 \u00a0 \u00a0 \u00a0 \u00a0 \u00a0 \u00a0 \u00a0 \u00a0 \u00a0 \u00a0 \u00a0 \u00a0 \u00a0 \u00a0 \u00a0 \u00a0 \u00a0 \u00a0 \u00a0 \u00a0 \u00a0\u00a0 0,5 \u00b0 C\n\n- Standard- Sensorkabel L\u00e4nge \u00a0 \u00a0 \u00a0 \u00a0 \u00a0 \u00a0 \u00a0 \u00a0 \u00a0 \u00a0 \u00a0 \u00a0 \u00a0 \u00a0\u00a0 3 m\n\n- Zykluszeiten \u00a0 \u00a0 \u00a0 \u00a0 \u00a0 \u00a0 \u00a0 \u00a0 \u00a0 \u00a0 \u00a0 \u00a0 \u00a0 \u00a0 \u00a0 \u00a0 \u00a0 \u00a0 \u00a0 \u00a0 \u00a0 \u00a0 \u00a0 \u00a0 \u00a0 \u00a0 \u00a0 \u00a0 \u00a0 t\u00e4glich\n\n- Ausg\u00e4nge f\u00fcr Heizung \/ K\u00fchlung und Filtration \u00a0 Relais 250V \/ 8A\n\n- Ausg\u00e4nge f\u00fcr Relais Attraktionen \u00a0 \u00a0 \u00a0 \u00a0 \u00a0 \u00a0 \u00a0 \u00a0 \u00a0 250V \/ 8A\n\n- \u00dcberwachung der Filterdurchflusssensoreingang, Zeitverz\u00f6gerung ca. 30s\n\n- Bi -direktionale digital Anschluss \u00a0 \u00a0 \u00a0 \u00a0 \u00a0 \u00a0 \u00a0 \u00a0 \u00a0 \u00a0\u00a0 RS232\n\n- Datensicherung - L\u00e4nge von etwa 3 Jahren ohne eine Netzwerkverbindung\n\n- M\u00f6glichkeit zur Sicherung\u00a0\u00a0\u00a0\u00a0\u00a0\u00a0\u00a0\u00a0\u00a0\u00a0\u00a0\u00a0\u00a0\u00a0\u00a0\u00a0\u00a0 Lithium-Batterie CR2032\n\n<strong>PREIS: 285, &#8211; EUR<\/strong><\/p>\n<p>Laden Sie das Datenblatt : <a href=\"http:\/\/www.protronic.sk\/wp-content\/uploads\/2014\/04\/CTS-060R.doc\">CTS 060R<\/a><\/p>","protected":false},"excerpt":{"rendered":"<p>\u00a0 Das System ist im Prinzip CTS 060 Thermostat , vor allem f\u00fcr das Management von Filtration und Heizungsanlagen in den Pool , der Ausbau der Attraktionen und serielle Steuerschnittstelle konzipiert. Vereint in sich Digital-Thermostat mit einstellbarer Offset , um die aktuelle Temperatur, Echtzeituhr mit Backup- und Tageszyklen, verstellbare drei Schlitze f\u00fcr die Befestigung der [&hellip;]<\/p>\n","protected":false},"author":1,"featured_media":0,"parent":0,"menu_order":0,"comment_status":"closed","ping_status":"closed","template":"","meta":[],"_links":{"self":[{"href":"https:\/\/www.protronic.sk\/de\/wp-json\/wp\/v2\/pages\/154"}],"collection":[{"href":"https:\/\/www.protronic.sk\/de\/wp-json\/wp\/v2\/pages"}],"about":[{"href":"https:\/\/www.protronic.sk\/de\/wp-json\/wp\/v2\/types\/page"}],"author":[{"embeddable":true,"href":"https:\/\/www.protronic.sk\/de\/wp-json\/wp\/v2\/users\/1"}],"replies":[{"embeddable":true,"href":"https:\/\/www.protronic.sk\/de\/wp-json\/wp\/v2\/comments?post=154"}],"version-history":[{"count":11,"href":"https:\/\/www.protronic.sk\/de\/wp-json\/wp\/v2\/pages\/154\/revisions"}],"predecessor-version":[{"id":767,"href":"https:\/\/www.protronic.sk\/de\/wp-json\/wp\/v2\/pages\/154\/revisions\/767"}],"wp:attachment":[{"href":"https:\/\/www.protronic.sk\/de\/wp-json\/wp\/v2\/media?parent=154"}],"curies":[{"name":"wp","href":"https:\/\/api.w.org\/{rel}","templated":true}]}}