{"id":148,"date":"2014-04-09T16:05:13","date_gmt":"2014-04-09T14:05:13","guid":{"rendered":"http:\/\/www.protronic.sk\/?page_id=148"},"modified":"2015-04-01T11:39:41","modified_gmt":"2015-04-01T09:39:41","slug":"dekektor-spavneho-poradia-faz-a-vypadku-faze-phm-3f","status":"publish","type":"page","link":"https:\/\/www.protronic.sk\/de\/dekektor-spavneho-poradia-faz-a-vypadku-faze-phm-3f\/","title":{"rendered":"Detektors richtige Reihenfolge  der Phasen und Phasenausfall PHM-3F"},"content":{"rendered":"<p><\/p>\n<p style=\"text-align: justify;\"><a href=\"http:\/\/www.protronic.sk\/wp-content\/uploads\/2014\/04\/18.jpg\"><img loading=\"lazy\" class=\"alignleft  wp-image-139\" alt=\"18\" src=\"http:\/\/www.protronic.sk\/wp-content\/uploads\/2014\/04\/18-880x1024.jpg\" width=\"239\" height=\"288\" \/><\/a>Der Detektor \u00fcberwacht die korrekte Abfolge der Phasen in der Netzkabel und erkennen den m\u00f6glichen Verlust einer Phase. Wenn die Phasenfolge korrekt ist, schaltet das Ausgangsrelais, ist die Kontakt-Ausgang an der Klemme &#8222;PHASE SEQUENCE &#8211; OK&#8220;. Diese Relais bet\u00e4tigt Sch\u00fctz, die den Motor direkt verbunden ist. Auf der Anzeigetafel leuchtet nur die LED &#8222;ON&#8220;. Wenn die Phasenfolge nicht korrekt ist, schaltet das Ausgangsrelais &#8222;PHASE SEQUENCE &#8211; WRONG&#8220; Relais &#8222;PHASE SEQUENCE &#8211; OK&#8220; packt. Verwendung Relais &#8222;falsch&#8220; ist es m\u00f6glich, Hilfsrelais, die einige der zwei Phasen zwischen ihnen \u00fcberwindet oder Swap-Steuerspannung an die Spule Wendesch\u00fctz Steuerung der Motorleistung bereits steuern. Dies stellt automatisch immer die gleiche Abfolge von Phasen an den Motorklemmen, f\u00fcr die der Detektor als Sicherheitsmerkmal ausgebildet ist. Bei einer falschen Phasenfolge auf der Anzeigetafel leuchtet die LED &#8222;MISORDER&#8220;. Bei Ausfall einer Phase, beide Relaisausg\u00e4nge sind aufgekn\u00f6pft und Anzeigetafel leuchtet die LED &#8222;PHASE FAIL&#8220;. Diese Fehlermeldung hat die h\u00f6chste Priorit\u00e4t. Als Option ist auch eine M\u00f6glichkeit der Umkehrfunktion verbunden Klemmen &#8222;REVERSE&#8220;.<\/p>\n<p><strong>TECHNISCHE DATEN:<\/strong><\/p>\n<p>&#8211; Kraft \u00a0 \u00a0 \u00a0 \u00a0 \u00a0 \u00a0 \u00a0 \u00a0 \u00a0 \u00a0 \u00a0 \u00a0 \u00a0 \u00a0 \u00a0 \u00a0 \u00a0 \u00a0 \u00a0 \u00a0 \u00a0230V \/ 50 Hz<\/p>\n<p>&#8211; Eingangsspannungen\u00a0 \u00a0 \u00a0 \u00a0 \u00a0 \u00a0 230V oder 400V<\/p>\n<p>&#8211; Eigenverbrauch\u00a0 \u00a0 \u00a0 \u00a0 \u00a0 \u00a0 \u00a0 \u00a0 \u00a0 \u00a0 \u00a0 \u00a01 VA<\/p>\n<p>&#8211; Ausg\u00e4nge\u00a0 \u00a0 \u00a0 \u00a0 \u00a0 \u00a0 \u00a0 \u00a0 \u00a0 \u00a0 \u00a0 \u00a0 \u00a0 \u00a0 \u00a0 \u00a0 \u00a0\u00a0Schaltrelaiskontakte<\/p>\n<p>&#8211; Breite\u00a0 \u00a0 \u00a0 \u00a0 \u00a0 \u00a0 \u00a0 \u00a0 \u00a0 \u00a0 \u00a0 \u00a0 \u00a0 \u00a0 \u00a0 \u00a0 \u00a0 \u00a0 \u00a0 \u00a0\u00a03 Module auf DIN-Schiene<\/p>\n<p><b> PREIS: 57,- EUR<\/b><\/p>","protected":false},"excerpt":{"rendered":"<p>Der Detektor \u00fcberwacht die korrekte Abfolge der Phasen in der Netzkabel und erkennen den m\u00f6glichen Verlust einer Phase. Wenn die Phasenfolge korrekt ist, schaltet das Ausgangsrelais, ist die Kontakt-Ausgang an der Klemme &#8222;PHASE SEQUENCE &#8211; OK&#8220;. Diese Relais bet\u00e4tigt Sch\u00fctz, die den Motor direkt verbunden ist. Auf der Anzeigetafel leuchtet nur die LED &#8222;ON&#8220;. Wenn [&hellip;]<\/p>\n","protected":false},"author":1,"featured_media":0,"parent":0,"menu_order":0,"comment_status":"closed","ping_status":"closed","template":"","meta":[],"_links":{"self":[{"href":"https:\/\/www.protronic.sk\/de\/wp-json\/wp\/v2\/pages\/148"}],"collection":[{"href":"https:\/\/www.protronic.sk\/de\/wp-json\/wp\/v2\/pages"}],"about":[{"href":"https:\/\/www.protronic.sk\/de\/wp-json\/wp\/v2\/types\/page"}],"author":[{"embeddable":true,"href":"https:\/\/www.protronic.sk\/de\/wp-json\/wp\/v2\/users\/1"}],"replies":[{"embeddable":true,"href":"https:\/\/www.protronic.sk\/de\/wp-json\/wp\/v2\/comments?post=148"}],"version-history":[{"count":15,"href":"https:\/\/www.protronic.sk\/de\/wp-json\/wp\/v2\/pages\/148\/revisions"}],"predecessor-version":[{"id":763,"href":"https:\/\/www.protronic.sk\/de\/wp-json\/wp\/v2\/pages\/148\/revisions\/763"}],"wp:attachment":[{"href":"https:\/\/www.protronic.sk\/de\/wp-json\/wp\/v2\/media?parent=148"}],"curies":[{"name":"wp","href":"https:\/\/api.w.org\/{rel}","templated":true}]}}