{"id":146,"date":"2014-04-09T16:04:13","date_gmt":"2014-04-09T14:04:13","guid":{"rendered":"http:\/\/www.protronic.sk\/?page_id=146"},"modified":"2021-04-11T13:33:55","modified_gmt":"2021-04-11T11:33:55","slug":"riadiaca-jednotka-pre-automaticke-brany-rsb-28","status":"publish","type":"page","link":"https:\/\/www.protronic.sk\/de\/riadiaca-jednotka-pre-automaticke-brany-rsb-28\/","title":{"rendered":"Steuerger\u00e4t f\u00fcr automatische Tore RSB-28"},"content":{"rendered":"<p><a href=\"http:\/\/www.protronic.sk\/wp-content\/uploads\/2021\/04\/Kopie-RSB38n.jpg\"><img loading=\"lazy\" class=\"alignleft size-medium wp-image-853\" src=\"http:\/\/www.protronic.sk\/wp-content\/uploads\/2021\/04\/Kopie-RSB38n-300x168.jpg\" alt=\"\" width=\"300\" height=\"168\" srcset=\"https:\/\/www.protronic.sk\/wp-content\/uploads\/2021\/04\/Kopie-RSB38n-300x168.jpg 300w, https:\/\/www.protronic.sk\/wp-content\/uploads\/2021\/04\/Kopie-RSB38n-1024x573.jpg 1024w, https:\/\/www.protronic.sk\/wp-content\/uploads\/2021\/04\/Kopie-RSB38n-768x430.jpg 768w, https:\/\/www.protronic.sk\/wp-content\/uploads\/2021\/04\/Kopie-RSB38n.jpg 1058w\" sizes=\"(max-width: 300px) 100vw, 300px\" \/><\/a><\/p>\n<p style=\"text-align: justify;\">Steuereinheit RSB-28 wurde entwickelt, um zu kontrollieren Schiebe-oder zweifl\u00fcgelige T\u00fcr, T\u00fcren oder Tore. Es ist f\u00fcr Single-Antriebssysteme, die Standard-opto-isolierte Eing\u00e4nge f\u00fcr separate Steuer, Schrittsteuerung , Teil\u00f6ffnung, die Fotozelle Eingang, die Blockade einer Schl\u00fcsselschalter, mit Sensoren und Endlagen auch ohne die Aufsicht von einer Zeit, die im System mit ist zu Fu\u00df ausgelegt Endpositionen der als Schutz f\u00fcr den Ausfall einer dieser Sensoren Sensoren. Relais-Ausg\u00e4nge sind Standard f\u00fcr den Antrieb und zus\u00e4tzlicher Ausgang f\u00fcr den Leuchtturm. Dieses Modul enth\u00e4lt die Funktion der selbstschlie\u00df mit einstellbarer Zeitverz\u00f6gerung und kann als gut.<\/p>\n<p><b>TECHNISCHE DATEN:<\/b><b><br \/>\n<\/b><\/p>\n<p>&#8211; Kraft \u00a0 \u00a0 \u00a0 \u00a0 \u00a0 \u00a0 \u00a0 \u00a0 \u00a0 \u00a0 \u00a0 \u00a0 \u00a0 \u00a0 \u00a0 \u00a0 \u00a0 \u00a0 \u00a0 \u00a0230V \/ 50Hz<\/p>\n<p>&#8211; Macht \u00a0 \u00a0 \u00a0 \u00a0 \u00a0 \u00a0 \u00a0 \u00a0 \u00a0 \u00a0 \u00a0 \u00a0 \u00a0 \u00a0 \u00a0 \u00a0 \u00a0 \u00a0 \u00a010VA<\/p>\n<p>&#8211; Ausg\u00e4nge\u00a0 \u00a0 \u00a0 \u00a0 \u00a0 \u00a0 \u00a0 \u00a0 \u00a0 \u00a0 \u00a0 \u00a0 \u00a0 \u00a0 \u00a0 \u00a0\u00a0Relaiskontakte<\/p>\n<p>&#8211; Ausgang\u00a0f\u00fcr ein Laufwerk\u00a0 \u00a0 \u00a0 \u00a0 \u00a0 \u00a0 \u00a0 250V \/ 8 ( 16 ) A<\/p>\n<p>&#8211; Ausgang f\u00fcr Leuchtturm\u00a0 \u00a0 \u00a0 \u00a0 \u00a0 \u00a0 \u00a0 \u00a0 \u00a0150V \/ 1A<\/p>\n<p>&#8211; Eing\u00e4nge\u00a0 \u00a0 \u00a0 \u00a0 \u00a0 \u00a0 \u00a0 \u00a0 \u00a0 \u00a0 \u00a0 \u00a0 \u00a0 \u00a0 \u00a0 \u00a0\u00a0galvanisch getrennt<\/p>\n<p align=\"justify\"><strong>Ausr\u00fcstung:<\/strong><\/p>\n<p>Eing\u00e4nge:<br \/>\n1. Endposition\u00a0ge\u00f6ffnet<br \/>\n2. Endposition\u00a0geschlossen<br \/>\n3.\u00a0Steuer &#8211; nur schlie\u00dfen, um die Endposition<br \/>\n4.\u00a0Steuer &#8211; nur offen in Endposition<br \/>\n5.\u00a0Schrittsteuerung &#8211; erste Schalteingang &#8211; die Er\u00f6ffnung, die zweite &#8211; die Schlie\u00dfung eines Pressvorgang w\u00e4hrend des Stopps, dann starten Sie die entgegengesetzte Richtung<br \/>\n6.\u00a0Teil\u00f6ffnung &#8211; \u00d6ffnung nur eine feste Zeit, also teilweise (f\u00fcr Wanderungen durch die Gate-Antillen)<br \/>\n7.\u00a0Fotozelle &#8211; wird beim Schlie\u00dfen r\u00fcckw\u00e4rts &#8211; brechen Eingangs<br \/>\n8.\u00a0Sicherheitsstopp &#8211; eine serielle Verbindung \u00d6ffner-Taste und beispielsweise Sicherheitslichtschranke<\/p>\n<p>Ausg\u00e4nge:<br \/>\n1.\u00a0\u00d6ffnungs<br \/>\n2.\u00a0Schlie\u00dfen<br \/>\n3.\u00a0Leuchtturm<br \/>\n( 4. Zustand ge\u00f6ffnet\u00a0\u2013 LED )<br \/>\n( 5. geschlossenen Zustand\u00a0\u2013 LED )<\/p>\n<p style=\"text-align: justify;\">Weitere Features sind:<br \/>\n&#8211;\u00a0Zeit\u00fcberwachung \u00fcber das Bewegungsphase verstellbarer Daumenschalter auf der Platine in 8 Stufen von 30 Sekunden bis 5 Minuten<br \/>\n&#8211;\u00a0selbstschlie\u00dfende und einstellbare Trimmer auf der Platine von 30 bis 180 s nach dem \u00d6ffnen Endposition, die M\u00f6glichkeit der Ausstieg aus der Schalttafel<br \/>\n&#8211;\u00a0RESET-Taste auf der Platine<br \/>\n&#8211;\u00a0herausgebracht 24 V \/ 0,5 A DC &#8211; Versorgung f\u00fcr Lichtschranken, Funksteuerungen, usw.<br \/>\n&#8211;\u00a0mit einer Sicherung auf der Prim\u00e4rseite und Sekund\u00e4r gesch\u00fctzt<\/p>\n<p><strong>Preis: 55 &#8211; 65,- EUR<\/strong><\/p>\n<p style=\"text-align: justify;\">Preis h\u00e4ngt von der Belastbarkeit der Relaiskontakte. Kann aber unter der Untergrenze reduziert werden, wenn die Kunden erforderlichen Konfiguration wird niedriger sein als die angegebene maximal sein.<\/p>\n<p><\/p>","protected":false},"excerpt":{"rendered":"<p>Steuereinheit RSB-28 wurde entwickelt, um zu kontrollieren Schiebe-oder zweifl\u00fcgelige T\u00fcr, T\u00fcren oder Tore. Es ist f\u00fcr Single-Antriebssysteme, die Standard-opto-isolierte Eing\u00e4nge f\u00fcr separate Steuer, Schrittsteuerung , Teil\u00f6ffnung, die Fotozelle Eingang, die Blockade einer Schl\u00fcsselschalter, mit Sensoren und Endlagen auch ohne die Aufsicht von einer Zeit, die im System mit ist zu Fu\u00df ausgelegt Endpositionen der als [&hellip;]<\/p>\n","protected":false},"author":1,"featured_media":0,"parent":0,"menu_order":0,"comment_status":"closed","ping_status":"closed","template":"","meta":[],"_links":{"self":[{"href":"https:\/\/www.protronic.sk\/de\/wp-json\/wp\/v2\/pages\/146"}],"collection":[{"href":"https:\/\/www.protronic.sk\/de\/wp-json\/wp\/v2\/pages"}],"about":[{"href":"https:\/\/www.protronic.sk\/de\/wp-json\/wp\/v2\/types\/page"}],"author":[{"embeddable":true,"href":"https:\/\/www.protronic.sk\/de\/wp-json\/wp\/v2\/users\/1"}],"replies":[{"embeddable":true,"href":"https:\/\/www.protronic.sk\/de\/wp-json\/wp\/v2\/comments?post=146"}],"version-history":[{"count":15,"href":"https:\/\/www.protronic.sk\/de\/wp-json\/wp\/v2\/pages\/146\/revisions"}],"predecessor-version":[{"id":856,"href":"https:\/\/www.protronic.sk\/de\/wp-json\/wp\/v2\/pages\/146\/revisions\/856"}],"wp:attachment":[{"href":"https:\/\/www.protronic.sk\/de\/wp-json\/wp\/v2\/media?parent=146"}],"curies":[{"name":"wp","href":"https:\/\/api.w.org\/{rel}","templated":true}]}}