{"id":12,"date":"2014-04-07T10:35:11","date_gmt":"2014-04-07T08:35:11","guid":{"rendered":"http:\/\/www.protronic.sk\/?page_id=12"},"modified":"2014-10-05T15:23:30","modified_gmt":"2014-10-05T13:23:30","slug":"riadiace-systemy","status":"publish","type":"page","link":"https:\/\/www.protronic.sk\/de\/riadiace-systemy\/","title":{"rendered":"Kontroll und Messsysteme"},"content":{"rendered":"<p><\/p>\n<p style=\"text-align: justify;\" align=\"justify\">Kontrollsysteme ist im Wesentlichen vollst\u00e4ndig ge\u00f6ffnet Kapitel, denn in diesem Bereich hat das Unternehmen PROTRONIC vielleicht die Raum f\u00fcr neue und kundenspezifische Herstellung, die auch ausgerichtet ist. Aber der Aufwand ist erfolgreiche Entwicklungen auch individuelle Produkte in dieser Re-Produktion genannt. Solche Produkte ist<\/p>\n<h2 style=\"text-align: justify;\"><a title=\"STEUEREINHEIT f\u00fcr automatische T\u00fcren\" href=\"http:\/\/www.protronic.sk\/de\/riadiaca-jednotka-pre-automaticke-brany-rsb-28\/\">&#8211; STEUEREINHEIT F\u00dcR AUTOMATISCHE T\u00dcREN RSB-28<\/a><\/h2>\n<h2 style=\"text-align: justify;\"><a title=\"Universalmess und Auswerteeinheit RPL-4110\" href=\"http:\/\/www.protronic.sk\/de\/univerzalna-meracia-a-vyhodnocovacia-jednotka-rpl-4110\/\">&#8211; UNIVERSALMESS UND AUSWERTEEINHEIT RPL-4110<\/a><\/h2>\n<h2 style=\"text-align: justify;\"><a title=\"Digital-Anemometer einstellbarer Schaltschwelle AM0100 RI\" href=\"http:\/\/www.protronic.sk\/de\/digitalny-anemometer-s-nastavitelnym-prahom-spinania-am0100-ri\/\">&#8211; DIGITAL ANEMOMETER EINSTELLBARER SCHALTSCHWELLE AM0100 RI<\/a><\/h2>\n<h2 style=\"text-align: justify;\"><a title=\"Meter Kabell\u00e4nge LM-100\" href=\"http:\/\/www.protronic.sk\/de\/merac-dlzky-kablov-lm-100\/\">&#8211; METER KABELL\u00c4NGE LM100<\/a><\/h2>\n<h2 style=\"text-align: justify;\"><a title=\"DETEKTORS richtige Reihenfolge der Phasen und Phasenausfall PHM-3F\" href=\"http:\/\/www.protronic.sk\/de\/dekektor-spavneho-poradia-faz-a-vypadku-faze-phm-3f\/\">&#8211; DETEKTORS RICHTIGE REIHENFOLGE DER PHASEN UND PHASENAUSFALL PHM-3F<\/a><\/h2>\n<p><\/p>","protected":false},"excerpt":{"rendered":"<p>Kontrollsysteme ist im Wesentlichen vollst\u00e4ndig ge\u00f6ffnet Kapitel, denn in diesem Bereich hat das Unternehmen PROTRONIC vielleicht die Raum f\u00fcr neue und kundenspezifische Herstellung, die auch ausgerichtet ist. Aber der Aufwand ist erfolgreiche Entwicklungen auch individuelle Produkte in dieser Re-Produktion genannt. Solche Produkte ist &#8211; STEUEREINHEIT F\u00dcR AUTOMATISCHE T\u00dcREN RSB-28 &#8211; UNIVERSALMESS UND AUSWERTEEINHEIT RPL-4110 &#8211; [&hellip;]<\/p>\n","protected":false},"author":1,"featured_media":0,"parent":0,"menu_order":0,"comment_status":"closed","ping_status":"closed","template":"","meta":[],"_links":{"self":[{"href":"https:\/\/www.protronic.sk\/de\/wp-json\/wp\/v2\/pages\/12"}],"collection":[{"href":"https:\/\/www.protronic.sk\/de\/wp-json\/wp\/v2\/pages"}],"about":[{"href":"https:\/\/www.protronic.sk\/de\/wp-json\/wp\/v2\/types\/page"}],"author":[{"embeddable":true,"href":"https:\/\/www.protronic.sk\/de\/wp-json\/wp\/v2\/users\/1"}],"replies":[{"embeddable":true,"href":"https:\/\/www.protronic.sk\/de\/wp-json\/wp\/v2\/comments?post=12"}],"version-history":[{"count":14,"href":"https:\/\/www.protronic.sk\/de\/wp-json\/wp\/v2\/pages\/12\/revisions"}],"predecessor-version":[{"id":683,"href":"https:\/\/www.protronic.sk\/de\/wp-json\/wp\/v2\/pages\/12\/revisions\/683"}],"wp:attachment":[{"href":"https:\/\/www.protronic.sk\/de\/wp-json\/wp\/v2\/media?parent=12"}],"curies":[{"name":"wp","href":"https:\/\/api.w.org\/{rel}","templated":true}]}}